{"id":96,"date":"2011-01-24T22:14:57","date_gmt":"2011-01-24T22:14:57","guid":{"rendered":"https:\/\/ambalaza-kartonska.com\/?product=kutija-za-6-butelja-2k-b-224-156-320mm-sa-pregradama"},"modified":"2026-04-07T12:23:41","modified_gmt":"2026-04-07T10:23:41","slug":"transportna-kutija-2k-b-265175350mm-6x075l-i-1l-pregrade-2","status":"publish","type":"product","link":"https:\/\/ambalaza-kartonska.com\/en\/proizvod\/transportna-kutija-2k-b-265175350mm-6x075l-i-1l-pregrade-2\/","title":{"rendered":"Kutija za 6 butelja 2K\/b 237*160*327mm sa pregradama"},"content":{"rendered":"<p>Kutija za 6 butelja 2K\/b 237*160*327mm sa pregradama<\/p>\n","protected":false},"excerpt":{"rendered":"<p>Dimenzija : 237*160*327<br \/>\nPromjer boce :72 mm<br \/>\nVisina boce: 327mm<br \/>\nMaterijal : sme\u0111i b-val<br \/>\nPakiranje : 20 kom.<br \/>\nNa\u010din izrade : \u0161tancana ambala\u017ea<br \/>\nMogu\u0107nost tiska<br \/>\nMogu\u0107nost ka\u0161iranja<\/p>\n","protected":false},"featured_media":92,"template":"","meta":[],"product_brand":[],"product_cat":[41],"product_tag":[],"class_list":{"0":"post-96","1":"product","2":"type-product","3":"status-publish","4":"has-post-thumbnail","6":"product_cat-kutije-za-6-0-75l","8":"first","9":"instock","10":"taxable","11":"shipping-taxable","12":"purchasable","13":"product-type-simple"},"_links":{"self":[{"href":"https:\/\/ambalaza-kartonska.com\/en\/wp-json\/wp\/v2\/product\/96","targetHints":{"allow":["GET"]}}],"collection":[{"href":"https:\/\/ambalaza-kartonska.com\/en\/wp-json\/wp\/v2\/product"}],"about":[{"href":"https:\/\/ambalaza-kartonska.com\/en\/wp-json\/wp\/v2\/types\/product"}],"wp:featuredmedia":[{"embeddable":true,"href":"https:\/\/ambalaza-kartonska.com\/en\/wp-json\/wp\/v2\/media\/92"}],"wp:attachment":[{"href":"https:\/\/ambalaza-kartonska.com\/en\/wp-json\/wp\/v2\/media?parent=96"}],"wp:term":[{"taxonomy":"product_brand","embeddable":true,"href":"https:\/\/ambalaza-kartonska.com\/en\/wp-json\/wp\/v2\/product_brand?post=96"},{"taxonomy":"product_cat","embeddable":true,"href":"https:\/\/ambalaza-kartonska.com\/en\/wp-json\/wp\/v2\/product_cat?post=96"},{"taxonomy":"product_tag","embeddable":true,"href":"https:\/\/ambalaza-kartonska.com\/en\/wp-json\/wp\/v2\/product_tag?post=96"}],"curies":[{"name":"wp","href":"https:\/\/api.w.org\/{rel}","templated":true}]}}