{"id":930,"date":"2019-03-14T10:06:59","date_gmt":"2019-03-14T10:06:59","guid":{"rendered":"https:\/\/ambalaza-kartonska.com\/?post_type=product&#038;p=930"},"modified":"2026-04-08T11:31:12","modified_gmt":"2026-04-08T09:31:12","slug":"stancana-kutija-k2k-e-135x62x270mm-2x05l-craft-pivo","status":"publish","type":"product","link":"https:\/\/ambalaza-kartonska.com\/en\/proizvod\/stancana-kutija-k2k-e-135x62x270mm-2x05l-craft-pivo\/","title":{"rendered":"\u0160tancana kutija K2K\/e 135*62*270mm 2*0,5l craft pivo"},"content":{"rendered":"<p>Kartonska nosiljka za 2. boce od 0,5l<\/p>\n<p>Promjer : 65 mm<\/p>\n<p>Visina : 270 mm<\/p>\n","protected":false},"excerpt":{"rendered":"<p>Dimenzija : K2K\/e 135x62x270mm<br \/>\nPakiranje : 50 kom.<br \/>\nNa\u010din izrade : \u0161tancana ambala\u017ea<br \/>\nMogu\u0107nost tiska<br \/>\nMogu\u0107nost ka\u0161iranja &#8211; vi\u0161ebojni tisak<\/p>\n","protected":false},"featured_media":3477,"template":"","meta":[],"product_brand":[],"product_cat":[89],"product_tag":[69,87,63,79,83,62,70,86,85,84,82,81],"class_list":{"0":"post-930","1":"product","2":"type-product","3":"status-publish","4":"has-post-thumbnail","6":"product_cat-kutije-za-05l","7":"product_tag-ambalaza","8":"product_tag-ambalaza-za-pivo","9":"product_tag-craft-pivo","10":"product_tag-kartonske-kutije","11":"product_tag-kraft-pivo","12":"product_tag-kutija-za-pivo","13":"product_tag-kutije-za-boce","14":"product_tag-kutije-za-craft-pivo","15":"product_tag-kutije-za-pive","16":"product_tag-kutije-za-pivo","17":"product_tag-piva","18":"product_tag-pivo","20":"first","21":"instock","22":"featured","23":"taxable","24":"shipping-taxable","25":"purchasable","26":"product-type-simple"},"_links":{"self":[{"href":"https:\/\/ambalaza-kartonska.com\/en\/wp-json\/wp\/v2\/product\/930","targetHints":{"allow":["GET"]}}],"collection":[{"href":"https:\/\/ambalaza-kartonska.com\/en\/wp-json\/wp\/v2\/product"}],"about":[{"href":"https:\/\/ambalaza-kartonska.com\/en\/wp-json\/wp\/v2\/types\/product"}],"wp:featuredmedia":[{"embeddable":true,"href":"https:\/\/ambalaza-kartonska.com\/en\/wp-json\/wp\/v2\/media\/3477"}],"wp:attachment":[{"href":"https:\/\/ambalaza-kartonska.com\/en\/wp-json\/wp\/v2\/media?parent=930"}],"wp:term":[{"taxonomy":"product_brand","embeddable":true,"href":"https:\/\/ambalaza-kartonska.com\/en\/wp-json\/wp\/v2\/product_brand?post=930"},{"taxonomy":"product_cat","embeddable":true,"href":"https:\/\/ambalaza-kartonska.com\/en\/wp-json\/wp\/v2\/product_cat?post=930"},{"taxonomy":"product_tag","embeddable":true,"href":"https:\/\/ambalaza-kartonska.com\/en\/wp-json\/wp\/v2\/product_tag?post=930"}],"curies":[{"name":"wp","href":"https:\/\/api.w.org\/{rel}","templated":true}]}}