{"id":91,"date":"2011-01-24T22:09:28","date_gmt":"2011-01-24T22:09:28","guid":{"rendered":"https:\/\/ambalaza-kartonska.com\/?product=kutija-za-dvije-butelje-bk-e-160x80x350mm"},"modified":"2026-02-02T16:14:39","modified_gmt":"2026-02-02T15:14:39","slug":"kutija-za-dvije-butelje-bk-e-16080350mm","status":"publish","type":"product","link":"https:\/\/ambalaza-kartonska.com\/en\/proizvod\/kutija-za-dvije-butelje-bk-e-16080350mm\/","title":{"rendered":"Kutija za dvije butelje BK\/e 160*80*350mm"},"content":{"rendered":"<p>Kutija za dvije butelje BK\/e 160*80*350mm<\/p>\n","protected":false},"excerpt":{"rendered":"<p>Dimenzija : 160*80*350mm<br \/>\nMaterijal : troslojni bijelo\/bijeli\u00a0 e-val<br \/>\nPakiranje : 50 kom.<br \/>\nNa\u010din izrade : \u0161tancana ambala\u017ea<br \/>\nMogu\u010dnost tiska<br \/>\nMogu\u010dnost ka\u0161iranja<\/p>\n","protected":false},"featured_media":90,"template":"","meta":[],"product_brand":[],"product_cat":[37],"product_tag":[],"class_list":{"0":"post-91","1":"product","2":"type-product","3":"status-publish","4":"has-post-thumbnail","6":"product_cat-kutija-za-2-boce-ili-butelje","8":"first","9":"instock","10":"taxable","11":"shipping-taxable","12":"purchasable","13":"product-type-simple"},"_links":{"self":[{"href":"https:\/\/ambalaza-kartonska.com\/en\/wp-json\/wp\/v2\/product\/91","targetHints":{"allow":["GET"]}}],"collection":[{"href":"https:\/\/ambalaza-kartonska.com\/en\/wp-json\/wp\/v2\/product"}],"about":[{"href":"https:\/\/ambalaza-kartonska.com\/en\/wp-json\/wp\/v2\/types\/product"}],"wp:featuredmedia":[{"embeddable":true,"href":"https:\/\/ambalaza-kartonska.com\/en\/wp-json\/wp\/v2\/media\/90"}],"wp:attachment":[{"href":"https:\/\/ambalaza-kartonska.com\/en\/wp-json\/wp\/v2\/media?parent=91"}],"wp:term":[{"taxonomy":"product_brand","embeddable":true,"href":"https:\/\/ambalaza-kartonska.com\/en\/wp-json\/wp\/v2\/product_brand?post=91"},{"taxonomy":"product_cat","embeddable":true,"href":"https:\/\/ambalaza-kartonska.com\/en\/wp-json\/wp\/v2\/product_cat?post=91"},{"taxonomy":"product_tag","embeddable":true,"href":"https:\/\/ambalaza-kartonska.com\/en\/wp-json\/wp\/v2\/product_tag?post=91"}],"curies":[{"name":"wp","href":"https:\/\/api.w.org\/{rel}","templated":true}]}}