{"id":89,"date":"2011-01-24T22:05:24","date_gmt":"2011-01-24T22:05:24","guid":{"rendered":"https:\/\/ambalaza-kartonska.com\/?product=kutija-za-jednu-butelju-bk-e-80x80x350mm"},"modified":"2026-02-02T16:14:39","modified_gmt":"2026-02-02T15:14:39","slug":"kutija-za-jednu-butelju-bk-e-80x80x350mm","status":"publish","type":"product","link":"https:\/\/ambalaza-kartonska.com\/en\/proizvod\/kutija-za-jednu-butelju-bk-e-80x80x350mm\/","title":{"rendered":"Kutija za jednu butelju BK\/e 80*80*350mm"},"content":{"rendered":"<p>Kutija za jednu butelju BK\/e 80x80x350mm<\/p>\n","protected":false},"excerpt":{"rendered":"<p>Dimenzija : 80*80*350mm<br \/>\nMaterijal : troslojni bijelo\/bijeli &#8211; e-val<br \/>\nPakiranje : 50 kom.<br \/>\nNa\u010din izrade : \u0161tancana ambala\u017ea<br \/>\nMogu\u0107nost tiska<br \/>\nMogu\u0107nost ka\u0161iranja<\/p>\n","protected":false},"featured_media":87,"template":"","meta":[],"product_brand":[],"product_cat":[36],"product_tag":[69,72,79,67,76,62,66,70,71,75,74],"class_list":{"0":"post-89","1":"product","2":"type-product","3":"status-publish","4":"has-post-thumbnail","6":"product_cat-kutija-za-jednu-bocu","7":"product_tag-ambalaza","8":"product_tag-ambalaza-za-vino","9":"product_tag-kartonske-kutije","10":"product_tag-kutija","11":"product_tag-kutija-za-boce","12":"product_tag-kutija-za-pivo","13":"product_tag-kutije","14":"product_tag-kutije-za-boce","15":"product_tag-kutije-za-bocice","16":"product_tag-kutije-za-butelje","17":"product_tag-kutije-za-vino","19":"first","20":"instock","21":"taxable","22":"shipping-taxable","23":"purchasable","24":"product-type-simple"},"_links":{"self":[{"href":"https:\/\/ambalaza-kartonska.com\/en\/wp-json\/wp\/v2\/product\/89","targetHints":{"allow":["GET"]}}],"collection":[{"href":"https:\/\/ambalaza-kartonska.com\/en\/wp-json\/wp\/v2\/product"}],"about":[{"href":"https:\/\/ambalaza-kartonska.com\/en\/wp-json\/wp\/v2\/types\/product"}],"wp:featuredmedia":[{"embeddable":true,"href":"https:\/\/ambalaza-kartonska.com\/en\/wp-json\/wp\/v2\/media\/87"}],"wp:attachment":[{"href":"https:\/\/ambalaza-kartonska.com\/en\/wp-json\/wp\/v2\/media?parent=89"}],"wp:term":[{"taxonomy":"product_brand","embeddable":true,"href":"https:\/\/ambalaza-kartonska.com\/en\/wp-json\/wp\/v2\/product_brand?post=89"},{"taxonomy":"product_cat","embeddable":true,"href":"https:\/\/ambalaza-kartonska.com\/en\/wp-json\/wp\/v2\/product_cat?post=89"},{"taxonomy":"product_tag","embeddable":true,"href":"https:\/\/ambalaza-kartonska.com\/en\/wp-json\/wp\/v2\/product_tag?post=89"}],"curies":[{"name":"wp","href":"https:\/\/api.w.org\/{rel}","templated":true}]}}