{"id":8839,"date":"2023-05-03T09:47:26","date_gmt":"2023-05-03T08:47:26","guid":{"rendered":"https:\/\/ambalaza-kartonska.com\/?post_type=product&#038;p=8839"},"modified":"2026-02-02T16:14:04","modified_gmt":"2026-02-02T15:14:04","slug":"stancana-kutija-bk-e-25021065mm","status":"publish","type":"product","link":"https:\/\/ambalaza-kartonska.com\/en\/proizvod\/stancana-kutija-bk-e-25021065mm\/","title":{"rendered":"\u0160tancana kutija BK\/e 250*210*65mm"},"content":{"rendered":"<p>\u0160tancana kutija BK\/e 250*210*65mm<\/p>\n","protected":false},"excerpt":{"rendered":"<p>Dimenzija : 250*210*65mm<br \/>\nMaterijal : troslojni bijelo \/ bijeli e val<br \/>\nPakiranje : 25 kom.<br \/>\nNa\u010din izrade : \u0161tancana ambala\u017ea<br \/>\nMogu\u0107nost tiska<br \/>\nMogu\u0107nost ka\u0161iranja<\/p>\n","protected":false},"featured_media":3713,"template":"","meta":[],"product_brand":[],"product_cat":[47],"product_tag":[69,72,156,165,79,160,65,73],"class_list":{"0":"post-8839","1":"product","2":"type-product","3":"status-publish","4":"has-post-thumbnail","6":"product_cat-slozive-kutije-mailer-boxes-web-shop-friendly","7":"product_tag-ambalaza","8":"product_tag-ambalaza-za-vino","9":"product_tag-dnopoklopac","10":"product_tag-kartonska-kutija","11":"product_tag-kartonske-kutije","12":"product_tag-poklon-ambalaza","13":"product_tag-poklon-kutije","14":"product_tag-slozive-kutije","16":"first","17":"instock","18":"taxable","19":"shipping-taxable","20":"purchasable","21":"product-type-simple"},"_links":{"self":[{"href":"https:\/\/ambalaza-kartonska.com\/en\/wp-json\/wp\/v2\/product\/8839","targetHints":{"allow":["GET"]}}],"collection":[{"href":"https:\/\/ambalaza-kartonska.com\/en\/wp-json\/wp\/v2\/product"}],"about":[{"href":"https:\/\/ambalaza-kartonska.com\/en\/wp-json\/wp\/v2\/types\/product"}],"wp:featuredmedia":[{"embeddable":true,"href":"https:\/\/ambalaza-kartonska.com\/en\/wp-json\/wp\/v2\/media\/3713"}],"wp:attachment":[{"href":"https:\/\/ambalaza-kartonska.com\/en\/wp-json\/wp\/v2\/media?parent=8839"}],"wp:term":[{"taxonomy":"product_brand","embeddable":true,"href":"https:\/\/ambalaza-kartonska.com\/en\/wp-json\/wp\/v2\/product_brand?post=8839"},{"taxonomy":"product_cat","embeddable":true,"href":"https:\/\/ambalaza-kartonska.com\/en\/wp-json\/wp\/v2\/product_cat?post=8839"},{"taxonomy":"product_tag","embeddable":true,"href":"https:\/\/ambalaza-kartonska.com\/en\/wp-json\/wp\/v2\/product_tag?post=8839"}],"curies":[{"name":"wp","href":"https:\/\/api.w.org\/{rel}","templated":true}]}}