{"id":866,"date":"2019-01-25T17:33:39","date_gmt":"2019-01-25T17:33:39","guid":{"rendered":"https:\/\/ambalaza-kartonska.com\/?post_type=product&#038;p=866"},"modified":"2026-03-20T13:29:53","modified_gmt":"2026-03-20T12:29:53","slug":"stancana-kutija-k2k-e-18564226mm-3033l-craft-pivo","status":"publish","type":"product","link":"https:\/\/ambalaza-kartonska.com\/en\/proizvod\/stancana-kutija-k2k-e-18564226mm-3033l-craft-pivo\/","title":{"rendered":"\u0160tancana kutija K2K\/e 185*64*226mm 3*0,33l craft pivo"},"content":{"rendered":"<p>Kartonska nosiljka za tri boce piva<\/p>\n<p>Promjer : 60mm<\/p>\n<p>Visina : 226mm<\/p>\n","protected":false},"excerpt":{"rendered":"<p>Dimenzija : 185*64*226mm<br \/>\nMaterijal : troslojni sme\u0111i kraft u e-valu<br \/>\nPakiranje : 50 kom.<br \/>\nNa\u010din izrade : \u0161tancana ambala\u017ea<br \/>\nMogu\u0107nost tiska<br \/>\nMogu\u0107nost ka\u0161iranja &#8211; vi\u0161ebojni tisak<\/p>\n","protected":false},"featured_media":931,"template":"","meta":[],"product_brand":[],"product_cat":[88],"product_tag":[69,87,163,63,79,83,62,70,86,85,84,82,81],"class_list":{"0":"post-866","1":"product","2":"type-product","3":"status-publish","4":"has-post-thumbnail","6":"product_cat-kutije-za-033l","7":"product_tag-ambalaza","8":"product_tag-ambalaza-za-pivo","9":"product_tag-brewery","10":"product_tag-craft-pivo","11":"product_tag-kartonske-kutije","12":"product_tag-kraft-pivo","13":"product_tag-kutija-za-pivo","14":"product_tag-kutije-za-boce","15":"product_tag-kutije-za-craft-pivo","16":"product_tag-kutije-za-pive","17":"product_tag-kutije-za-pivo","18":"product_tag-piva","19":"product_tag-pivo","21":"first","22":"instock","23":"featured","24":"taxable","25":"shipping-taxable","26":"purchasable","27":"product-type-simple"},"_links":{"self":[{"href":"https:\/\/ambalaza-kartonska.com\/en\/wp-json\/wp\/v2\/product\/866","targetHints":{"allow":["GET"]}}],"collection":[{"href":"https:\/\/ambalaza-kartonska.com\/en\/wp-json\/wp\/v2\/product"}],"about":[{"href":"https:\/\/ambalaza-kartonska.com\/en\/wp-json\/wp\/v2\/types\/product"}],"wp:featuredmedia":[{"embeddable":true,"href":"https:\/\/ambalaza-kartonska.com\/en\/wp-json\/wp\/v2\/media\/931"}],"wp:attachment":[{"href":"https:\/\/ambalaza-kartonska.com\/en\/wp-json\/wp\/v2\/media?parent=866"}],"wp:term":[{"taxonomy":"product_brand","embeddable":true,"href":"https:\/\/ambalaza-kartonska.com\/en\/wp-json\/wp\/v2\/product_brand?post=866"},{"taxonomy":"product_cat","embeddable":true,"href":"https:\/\/ambalaza-kartonska.com\/en\/wp-json\/wp\/v2\/product_cat?post=866"},{"taxonomy":"product_tag","embeddable":true,"href":"https:\/\/ambalaza-kartonska.com\/en\/wp-json\/wp\/v2\/product_tag?post=866"}],"curies":[{"name":"wp","href":"https:\/\/api.w.org\/{rel}","templated":true}]}}