{"id":84,"date":"2011-01-24T21:55:17","date_gmt":"2011-01-24T21:55:17","guid":{"rendered":"https:\/\/ambalaza-kartonska.com\/?product=kutija-jednu-bocu-0-5l-2k-e-65-65-360mm"},"modified":"2026-02-02T16:14:39","modified_gmt":"2026-02-02T15:14:39","slug":"kutija-jednu-bocu-0-5l-2k-e-65-65-360mm","status":"publish","type":"product","link":"https:\/\/ambalaza-kartonska.com\/en\/proizvod\/kutija-jednu-bocu-0-5l-2k-e-65-65-360mm\/","title":{"rendered":"Kutija jednu bocu 0,5l 2K\/e 65*65*360mm"},"content":{"rendered":"<p>Kutija jednu bocu 0,5l 2K\/e 65*65*360mm<\/p>\n","protected":false},"excerpt":{"rendered":"<p>Dimenzija : 65*65*360mm<br \/>\nMaterijal : troslojni sme\u0111i e-val<br \/>\nPakiranje : 50 kom.<br \/>\nNa\u010din izrade : \u0161tancana ambala\u017ea<br \/>\nMogu\u0107nost tisak<br \/>\nMogu\u0107nost ka\u0161iranja<\/p>\n","protected":false},"featured_media":83,"template":"","meta":[],"product_brand":[],"product_cat":[35],"product_tag":[],"class_list":{"0":"post-84","1":"product","2":"type-product","3":"status-publish","4":"has-post-thumbnail","6":"product_cat-kutije-za-1-0-5l","8":"first","9":"instock","10":"taxable","11":"shipping-taxable","12":"purchasable","13":"product-type-simple"},"_links":{"self":[{"href":"https:\/\/ambalaza-kartonska.com\/en\/wp-json\/wp\/v2\/product\/84","targetHints":{"allow":["GET"]}}],"collection":[{"href":"https:\/\/ambalaza-kartonska.com\/en\/wp-json\/wp\/v2\/product"}],"about":[{"href":"https:\/\/ambalaza-kartonska.com\/en\/wp-json\/wp\/v2\/types\/product"}],"wp:featuredmedia":[{"embeddable":true,"href":"https:\/\/ambalaza-kartonska.com\/en\/wp-json\/wp\/v2\/media\/83"}],"wp:attachment":[{"href":"https:\/\/ambalaza-kartonska.com\/en\/wp-json\/wp\/v2\/media?parent=84"}],"wp:term":[{"taxonomy":"product_brand","embeddable":true,"href":"https:\/\/ambalaza-kartonska.com\/en\/wp-json\/wp\/v2\/product_brand?post=84"},{"taxonomy":"product_cat","embeddable":true,"href":"https:\/\/ambalaza-kartonska.com\/en\/wp-json\/wp\/v2\/product_cat?post=84"},{"taxonomy":"product_tag","embeddable":true,"href":"https:\/\/ambalaza-kartonska.com\/en\/wp-json\/wp\/v2\/product_tag?post=84"}],"curies":[{"name":"wp","href":"https:\/\/api.w.org\/{rel}","templated":true}]}}