{"id":7067,"date":"2022-11-05T11:26:00","date_gmt":"2022-11-05T10:26:00","guid":{"rendered":"https:\/\/ambalaza-kartonska.com\/?post_type=product&#038;p=7067"},"modified":"2026-02-02T16:14:05","modified_gmt":"2026-02-02T15:14:05","slug":"stancana-kutija-kvfe-120120120mm-dnopoklopac","status":"publish","type":"product","link":"https:\/\/ambalaza-kartonska.com\/en\/proizvod\/stancana-kutija-kvfe-120120120mm-dnopoklopac\/","title":{"rendered":"\u0160tancana kutija KV\/FE 120*120*120mm dno+poklopac"},"content":{"rendered":"<h1 class=\"product_title entry-title\">\u0160tancana kutija KV\/FE 120*120*120mm dno+poklopac<\/h1>\n","protected":false},"excerpt":{"rendered":"<p>Dimenzija : KV\/FE 120*120*120mm dno+poklopac<br \/>\nPakiranje : 50 kom.<br \/>\nNa\u010din izrade : \u0161tancana ambala\u017ea<\/p>\n<p>Materijal : \u010detveroslojni\u00a0 sme\u0111i kraft<br \/>\nMogu\u0107nost blindruka<\/p>\n","protected":false},"featured_media":7070,"template":"","meta":[],"product_brand":[],"product_cat":[591,144,34],"product_tag":[69,87,63,79,83,67,62,70,86,85,84,82,81,160,65,167],"class_list":{"0":"post-7067","1":"product","2":"type-product","3":"status-publish","4":"has-post-thumbnail","6":"product_cat-izdvojeno","7":"product_cat-kutije-dno-poklopac","8":"product_cat-poklon-kutije","9":"product_tag-ambalaza","10":"product_tag-ambalaza-za-pivo","11":"product_tag-craft-pivo","12":"product_tag-kartonske-kutije","13":"product_tag-kraft-pivo","14":"product_tag-kutija","15":"product_tag-kutija-za-pivo","16":"product_tag-kutije-za-boce","17":"product_tag-kutije-za-craft-pivo","18":"product_tag-kutije-za-pive","19":"product_tag-kutije-za-pivo","20":"product_tag-piva","21":"product_tag-pivo","22":"product_tag-poklon-ambalaza","23":"product_tag-poklon-kutije","24":"product_tag-poklonkutije","26":"first","27":"instock","28":"featured","29":"taxable","30":"shipping-taxable","31":"purchasable","32":"product-type-simple"},"_links":{"self":[{"href":"https:\/\/ambalaza-kartonska.com\/en\/wp-json\/wp\/v2\/product\/7067","targetHints":{"allow":["GET"]}}],"collection":[{"href":"https:\/\/ambalaza-kartonska.com\/en\/wp-json\/wp\/v2\/product"}],"about":[{"href":"https:\/\/ambalaza-kartonska.com\/en\/wp-json\/wp\/v2\/types\/product"}],"wp:featuredmedia":[{"embeddable":true,"href":"https:\/\/ambalaza-kartonska.com\/en\/wp-json\/wp\/v2\/media\/7070"}],"wp:attachment":[{"href":"https:\/\/ambalaza-kartonska.com\/en\/wp-json\/wp\/v2\/media?parent=7067"}],"wp:term":[{"taxonomy":"product_brand","embeddable":true,"href":"https:\/\/ambalaza-kartonska.com\/en\/wp-json\/wp\/v2\/product_brand?post=7067"},{"taxonomy":"product_cat","embeddable":true,"href":"https:\/\/ambalaza-kartonska.com\/en\/wp-json\/wp\/v2\/product_cat?post=7067"},{"taxonomy":"product_tag","embeddable":true,"href":"https:\/\/ambalaza-kartonska.com\/en\/wp-json\/wp\/v2\/product_tag?post=7067"}],"curies":[{"name":"wp","href":"https:\/\/api.w.org\/{rel}","templated":true}]}}