{"id":7030,"date":"2022-11-01T20:19:11","date_gmt":"2022-11-01T19:19:11","guid":{"rendered":"https:\/\/ambalaza-kartonska.com\/?post_type=product&#038;p=7030"},"modified":"2026-02-22T12:58:12","modified_gmt":"2026-02-22T11:58:12","slug":"ukrasna-poklon-kutija-24524585mm-sa-slamicom-plitvice","status":"publish","type":"product","link":"https:\/\/ambalaza-kartonska.com\/en\/proizvod\/ukrasna-poklon-kutija-24524585mm-sa-slamicom-plitvice\/","title":{"rendered":"Ukrasna poklon kutija 245*245*85mm sa slamicom &#8211; PLITVICE"},"content":{"rendered":"<p>Poklon kutija sa prozirnom PVC folijom sa slamicom<\/p>\n","protected":false},"excerpt":{"rendered":"<p>Dimenzija : 245*245*85mm<br \/>\nPakiranje : 25 kom.<br \/>\nNa\u010din izrade : \u0161tancana ambala\u017ea + ljepljena pvc folija<br \/>\nMogu\u0107nost tiska<br \/>\nMogu\u0107nost ka\u0161iranja &#8211; vi\u0161ebojni tisak<\/p>\n<p>Ispuna : drvena slamica<\/p>\n","protected":false},"featured_media":7032,"template":"","meta":[],"product_brand":[],"product_cat":[23,591,26],"product_tag":[69,87,63,79,83,62,70,75,86,85,84,74,82,81,65],"class_list":{"0":"post-7030","1":"product","2":"type-product","3":"status-publish","4":"has-post-thumbnail","6":"product_cat-exsclusive-ambalaza","7":"product_cat-izdvojeno","8":"product_cat-ukrasne-poklon-kutije","9":"product_tag-ambalaza","10":"product_tag-ambalaza-za-pivo","11":"product_tag-craft-pivo","12":"product_tag-kartonske-kutije","13":"product_tag-kraft-pivo","14":"product_tag-kutija-za-pivo","15":"product_tag-kutije-za-boce","16":"product_tag-kutije-za-butelje","17":"product_tag-kutije-za-craft-pivo","18":"product_tag-kutije-za-pive","19":"product_tag-kutije-za-pivo","20":"product_tag-kutije-za-vino","21":"product_tag-piva","22":"product_tag-pivo","23":"product_tag-poklon-kutije","25":"first","26":"instock","27":"featured","28":"taxable","29":"shipping-taxable","30":"purchasable","31":"product-type-simple"},"_links":{"self":[{"href":"https:\/\/ambalaza-kartonska.com\/en\/wp-json\/wp\/v2\/product\/7030","targetHints":{"allow":["GET"]}}],"collection":[{"href":"https:\/\/ambalaza-kartonska.com\/en\/wp-json\/wp\/v2\/product"}],"about":[{"href":"https:\/\/ambalaza-kartonska.com\/en\/wp-json\/wp\/v2\/types\/product"}],"wp:featuredmedia":[{"embeddable":true,"href":"https:\/\/ambalaza-kartonska.com\/en\/wp-json\/wp\/v2\/media\/7032"}],"wp:attachment":[{"href":"https:\/\/ambalaza-kartonska.com\/en\/wp-json\/wp\/v2\/media?parent=7030"}],"wp:term":[{"taxonomy":"product_brand","embeddable":true,"href":"https:\/\/ambalaza-kartonska.com\/en\/wp-json\/wp\/v2\/product_brand?post=7030"},{"taxonomy":"product_cat","embeddable":true,"href":"https:\/\/ambalaza-kartonska.com\/en\/wp-json\/wp\/v2\/product_cat?post=7030"},{"taxonomy":"product_tag","embeddable":true,"href":"https:\/\/ambalaza-kartonska.com\/en\/wp-json\/wp\/v2\/product_tag?post=7030"}],"curies":[{"name":"wp","href":"https:\/\/api.w.org\/{rel}","templated":true}]}}