{"id":66,"date":"2011-01-18T15:26:19","date_gmt":"2011-01-18T15:26:19","guid":{"rendered":"https:\/\/ambalaza-kartonska.com\/?product=kutija-za-kolace-150-130-100mm-b"},"modified":"2026-02-02T16:14:40","modified_gmt":"2026-02-02T15:14:40","slug":"kutija-za-kolace-150-130-100mm-b","status":"publish","type":"product","link":"https:\/\/ambalaza-kartonska.com\/en\/proizvod\/kutija-za-kolace-150-130-100mm-b\/","title":{"rendered":"Kutija za kola\u010de BK\/e 150*130*100mm"},"content":{"rendered":"<p>Kutija slu\u017ei samo za transport nije za direktan kontakt sa hranom!<\/p>\n<p>&nbsp;<\/p>\n<p>Kutija za kola\u010de BK\/e 150*130*100mm<\/p>\n","protected":false},"excerpt":{"rendered":"<p>Dimenzija : 150*130*100mm<br \/>\nMaterijal : troslojni bijeli e-val<br \/>\nPakiranje : 50 kom.<br \/>\nNa\u010din izrade : \u0161tancana ambala\u017ea<br \/>\nMogu\u0107nost tiska<br \/>\nMogu\u0107nost ka\u0161iranja<br \/>\nKoristi se za poklon pakiranje kola\u010da na vjen\u010danjima<\/p>\n","protected":false},"featured_media":65,"template":"","meta":[],"product_brand":[],"product_cat":[28],"product_tag":[],"class_list":{"0":"post-66","1":"product","2":"type-product","3":"status-publish","4":"has-post-thumbnail","6":"product_cat-kutije-torte-i-kolace","8":"first","9":"outofstock","10":"taxable","11":"shipping-taxable","12":"purchasable","13":"product-type-simple"},"_links":{"self":[{"href":"https:\/\/ambalaza-kartonska.com\/en\/wp-json\/wp\/v2\/product\/66","targetHints":{"allow":["GET"]}}],"collection":[{"href":"https:\/\/ambalaza-kartonska.com\/en\/wp-json\/wp\/v2\/product"}],"about":[{"href":"https:\/\/ambalaza-kartonska.com\/en\/wp-json\/wp\/v2\/types\/product"}],"wp:featuredmedia":[{"embeddable":true,"href":"https:\/\/ambalaza-kartonska.com\/en\/wp-json\/wp\/v2\/media\/65"}],"wp:attachment":[{"href":"https:\/\/ambalaza-kartonska.com\/en\/wp-json\/wp\/v2\/media?parent=66"}],"wp:term":[{"taxonomy":"product_brand","embeddable":true,"href":"https:\/\/ambalaza-kartonska.com\/en\/wp-json\/wp\/v2\/product_brand?post=66"},{"taxonomy":"product_cat","embeddable":true,"href":"https:\/\/ambalaza-kartonska.com\/en\/wp-json\/wp\/v2\/product_cat?post=66"},{"taxonomy":"product_tag","embeddable":true,"href":"https:\/\/ambalaza-kartonska.com\/en\/wp-json\/wp\/v2\/product_tag?post=66"}],"curies":[{"name":"wp","href":"https:\/\/api.w.org\/{rel}","templated":true}]}}