{"id":5691,"date":"2021-06-17T08:36:48","date_gmt":"2021-06-17T07:36:48","guid":{"rendered":"https:\/\/ambalaza-kartonska.com\/?post_type=product&#038;p=5691"},"modified":"2026-02-02T16:14:06","modified_gmt":"2026-02-02T15:14:06","slug":"stancana-kutija-bk-e-33023055mm","status":"publish","type":"product","link":"https:\/\/ambalaza-kartonska.com\/en\/proizvod\/stancana-kutija-bk-e-33023055mm\/","title":{"rendered":"\u0160tancana kutija BK\/E 330*230*55mm"},"content":{"rendered":"<p>\u0160tancana kutija BK\/E 330*230*55mm<\/p>\n<p>&nbsp;<\/p>\n","protected":false},"excerpt":{"rendered":"<p>Dimenzija : BK\/E 330*230*55mm<br \/>\nPakiranje : 25 kom.<br \/>\nNa\u010din izrade : \u0161tancana ambala\u017ea<\/p>\n<p>Materijal : troslojni E val &#8211; bijelo\/bijeli ili bijelo\/sme\u0111i<br \/>\nMogu\u0107nost tiska<br \/>\nMogu\u0107nost ka\u0161iranja &#8211; vi\u0161ebojni tisak<\/p>\n","protected":false},"featured_media":4879,"template":"","meta":[],"product_brand":[],"product_cat":[47],"product_tag":[69,87,63,79,83,62,70,86,85,84,82,81],"class_list":{"0":"post-5691","1":"product","2":"type-product","3":"status-publish","4":"has-post-thumbnail","6":"product_cat-slozive-kutije-mailer-boxes-web-shop-friendly","7":"product_tag-ambalaza","8":"product_tag-ambalaza-za-pivo","9":"product_tag-craft-pivo","10":"product_tag-kartonske-kutije","11":"product_tag-kraft-pivo","12":"product_tag-kutija-za-pivo","13":"product_tag-kutije-za-boce","14":"product_tag-kutije-za-craft-pivo","15":"product_tag-kutije-za-pive","16":"product_tag-kutije-za-pivo","17":"product_tag-piva","18":"product_tag-pivo","20":"first","21":"instock","22":"featured","23":"taxable","24":"shipping-taxable","25":"purchasable","26":"product-type-simple"},"_links":{"self":[{"href":"https:\/\/ambalaza-kartonska.com\/en\/wp-json\/wp\/v2\/product\/5691","targetHints":{"allow":["GET"]}}],"collection":[{"href":"https:\/\/ambalaza-kartonska.com\/en\/wp-json\/wp\/v2\/product"}],"about":[{"href":"https:\/\/ambalaza-kartonska.com\/en\/wp-json\/wp\/v2\/types\/product"}],"wp:featuredmedia":[{"embeddable":true,"href":"https:\/\/ambalaza-kartonska.com\/en\/wp-json\/wp\/v2\/media\/4879"}],"wp:attachment":[{"href":"https:\/\/ambalaza-kartonska.com\/en\/wp-json\/wp\/v2\/media?parent=5691"}],"wp:term":[{"taxonomy":"product_brand","embeddable":true,"href":"https:\/\/ambalaza-kartonska.com\/en\/wp-json\/wp\/v2\/product_brand?post=5691"},{"taxonomy":"product_cat","embeddable":true,"href":"https:\/\/ambalaza-kartonska.com\/en\/wp-json\/wp\/v2\/product_cat?post=5691"},{"taxonomy":"product_tag","embeddable":true,"href":"https:\/\/ambalaza-kartonska.com\/en\/wp-json\/wp\/v2\/product_tag?post=5691"}],"curies":[{"name":"wp","href":"https:\/\/api.w.org\/{rel}","templated":true}]}}