{"id":56,"date":"2011-01-17T13:25:05","date_gmt":"2011-01-17T13:25:05","guid":{"rendered":"https:\/\/ambalaza-kartonska.com\/?product=poklon-kutija-kk-e-148-70-90mm-dem"},"modified":"2026-02-02T16:14:40","modified_gmt":"2026-02-02T15:14:40","slug":"poklon-kutija-kk-e-148-70-90mm-dem","status":"publish","type":"product","link":"https:\/\/ambalaza-kartonska.com\/en\/proizvod\/poklon-kutija-kk-e-148-70-90mm-dem\/","title":{"rendered":"Poklon kutija za d\u017eem KK\/e 148*70*90mm"},"content":{"rendered":"<p>Poklon kutija za d\u017eem KK\/e 148*70*90mm<\/p>\n","protected":false},"excerpt":{"rendered":"<p>Dimenzija : 148*70*90mm<br \/>\nMaterijal : dvoslojni otvoreni e val<br \/>\nPakiranje : 50 kom.<br \/>\nNa\u010din izrade : \u0161tancana ambala\u017ea<br \/>\nMogu\u010dnost blindrucka ili slijepog tiska<\/p>\n","protected":false},"featured_media":55,"template":"","meta":[],"product_brand":[],"product_cat":[31],"product_tag":[],"class_list":{"0":"post-56","1":"product","2":"type-product","3":"status-publish","4":"has-post-thumbnail","6":"product_cat-poklon-kutije-za-d","8":"first","9":"outofstock","10":"taxable","11":"shipping-taxable","12":"purchasable","13":"product-type-simple"},"_links":{"self":[{"href":"https:\/\/ambalaza-kartonska.com\/en\/wp-json\/wp\/v2\/product\/56","targetHints":{"allow":["GET"]}}],"collection":[{"href":"https:\/\/ambalaza-kartonska.com\/en\/wp-json\/wp\/v2\/product"}],"about":[{"href":"https:\/\/ambalaza-kartonska.com\/en\/wp-json\/wp\/v2\/types\/product"}],"wp:featuredmedia":[{"embeddable":true,"href":"https:\/\/ambalaza-kartonska.com\/en\/wp-json\/wp\/v2\/media\/55"}],"wp:attachment":[{"href":"https:\/\/ambalaza-kartonska.com\/en\/wp-json\/wp\/v2\/media?parent=56"}],"wp:term":[{"taxonomy":"product_brand","embeddable":true,"href":"https:\/\/ambalaza-kartonska.com\/en\/wp-json\/wp\/v2\/product_brand?post=56"},{"taxonomy":"product_cat","embeddable":true,"href":"https:\/\/ambalaza-kartonska.com\/en\/wp-json\/wp\/v2\/product_cat?post=56"},{"taxonomy":"product_tag","embeddable":true,"href":"https:\/\/ambalaza-kartonska.com\/en\/wp-json\/wp\/v2\/product_tag?post=56"}],"curies":[{"name":"wp","href":"https:\/\/api.w.org\/{rel}","templated":true}]}}