{"id":5472,"date":"2021-04-07T13:16:19","date_gmt":"2021-04-07T12:16:19","guid":{"rendered":"https:\/\/ambalaza-kartonska.com\/?post_type=product&#038;p=5472"},"modified":"2026-02-02T16:14:07","modified_gmt":"2026-02-02T15:14:07","slug":"ukrasna-kutija-2k-e-10010020mm-sa-folijom","status":"publish","type":"product","link":"https:\/\/ambalaza-kartonska.com\/en\/proizvod\/ukrasna-kutija-2k-e-10010020mm-sa-folijom\/","title":{"rendered":"Ukrasna kutija 2K\/E 100*100*20mm sa folijom"},"content":{"rendered":"<p>Ukrasna kutija 2K\/E 100*100*20mm sa folijom<\/p>\n","protected":false},"excerpt":{"rendered":"<p>Dimenzija : 100*100*20mm sa folijom<br \/>\nMaterijal : troslojni sme\u0111i e val ( kraft )<br \/>\nPakiranje : 25 kom.<br \/>\nNa\u010din izrade : \u0161tancana ambala\u017ea<br \/>\nMogu\u0107nost tiska<br \/>\nMogu\u0107nost ka\u0161iranja<\/p>\n","protected":false},"featured_media":5473,"template":"","meta":[],"product_brand":[],"product_cat":[26],"product_tag":[69,72,156,160,65,73],"class_list":{"0":"post-5472","1":"product","2":"type-product","3":"status-publish","4":"has-post-thumbnail","6":"product_cat-ukrasne-poklon-kutije","7":"product_tag-ambalaza","8":"product_tag-ambalaza-za-vino","9":"product_tag-dnopoklopac","10":"product_tag-poklon-ambalaza","11":"product_tag-poklon-kutije","12":"product_tag-slozive-kutije","14":"first","15":"instock","16":"taxable","17":"shipping-taxable","18":"purchasable","19":"product-type-simple"},"_links":{"self":[{"href":"https:\/\/ambalaza-kartonska.com\/en\/wp-json\/wp\/v2\/product\/5472","targetHints":{"allow":["GET"]}}],"collection":[{"href":"https:\/\/ambalaza-kartonska.com\/en\/wp-json\/wp\/v2\/product"}],"about":[{"href":"https:\/\/ambalaza-kartonska.com\/en\/wp-json\/wp\/v2\/types\/product"}],"wp:featuredmedia":[{"embeddable":true,"href":"https:\/\/ambalaza-kartonska.com\/en\/wp-json\/wp\/v2\/media\/5473"}],"wp:attachment":[{"href":"https:\/\/ambalaza-kartonska.com\/en\/wp-json\/wp\/v2\/media?parent=5472"}],"wp:term":[{"taxonomy":"product_brand","embeddable":true,"href":"https:\/\/ambalaza-kartonska.com\/en\/wp-json\/wp\/v2\/product_brand?post=5472"},{"taxonomy":"product_cat","embeddable":true,"href":"https:\/\/ambalaza-kartonska.com\/en\/wp-json\/wp\/v2\/product_cat?post=5472"},{"taxonomy":"product_tag","embeddable":true,"href":"https:\/\/ambalaza-kartonska.com\/en\/wp-json\/wp\/v2\/product_tag?post=5472"}],"curies":[{"name":"wp","href":"https:\/\/api.w.org\/{rel}","templated":true}]}}