{"id":526,"date":"2016-12-17T08:42:08","date_gmt":"2016-12-17T08:42:08","guid":{"rendered":"https:\/\/ambalaza-kartonska.com\/?product=ukrasna-poklon-kutija-225x185x105mm-sa-slamicom-istra-visoka"},"modified":"2026-02-02T16:14:20","modified_gmt":"2026-02-02T15:14:20","slug":"ukrasna-poklon-kutija-225x185x105mm-sa-slamicom-istra-visoka","status":"publish","type":"product","link":"https:\/\/ambalaza-kartonska.com\/en\/proizvod\/ukrasna-poklon-kutija-225x185x105mm-sa-slamicom-istra-visoka\/","title":{"rendered":"Ukrasna poklon kutija 225x190x105mm sa slamicom &#8211; ISTRA VISOKA"},"content":{"rendered":"","protected":false},"excerpt":{"rendered":"<p>Poklopac je izra\u0111en od ravnog kartona a ne rebrastog!<\/p>\n<p>Dimenzija : 225x190x105mm<br \/>\nMaterijal : troslojni sme\u0111ie-val +dvoslojni e val poklopac sa plasti\u010dnom folijom<br \/>\nPakiranje : 25 kom.<br \/>\nNa\u010din izrade : \u0161tancana ambala\u017ea<br \/>\nIspuna : Drvena slamica<br \/>\nMogu\u0107nost tiska<br \/>\nMogu\u0107nost ka\u0161iranja<\/p>\n","protected":false},"featured_media":524,"template":"","meta":[],"product_brand":[],"product_cat":[26],"product_tag":[67,66,65],"class_list":{"0":"post-526","1":"product","2":"type-product","3":"status-publish","4":"has-post-thumbnail","6":"product_cat-ukrasne-poklon-kutije","7":"product_tag-kutija","8":"product_tag-kutije","9":"product_tag-poklon-kutije","11":"first","12":"instock","13":"taxable","14":"shipping-taxable","15":"purchasable","16":"product-type-simple"},"_links":{"self":[{"href":"https:\/\/ambalaza-kartonska.com\/en\/wp-json\/wp\/v2\/product\/526","targetHints":{"allow":["GET"]}}],"collection":[{"href":"https:\/\/ambalaza-kartonska.com\/en\/wp-json\/wp\/v2\/product"}],"about":[{"href":"https:\/\/ambalaza-kartonska.com\/en\/wp-json\/wp\/v2\/types\/product"}],"wp:featuredmedia":[{"embeddable":true,"href":"https:\/\/ambalaza-kartonska.com\/en\/wp-json\/wp\/v2\/media\/524"}],"wp:attachment":[{"href":"https:\/\/ambalaza-kartonska.com\/en\/wp-json\/wp\/v2\/media?parent=526"}],"wp:term":[{"taxonomy":"product_brand","embeddable":true,"href":"https:\/\/ambalaza-kartonska.com\/en\/wp-json\/wp\/v2\/product_brand?post=526"},{"taxonomy":"product_cat","embeddable":true,"href":"https:\/\/ambalaza-kartonska.com\/en\/wp-json\/wp\/v2\/product_cat?post=526"},{"taxonomy":"product_tag","embeddable":true,"href":"https:\/\/ambalaza-kartonska.com\/en\/wp-json\/wp\/v2\/product_tag?post=526"}],"curies":[{"name":"wp","href":"https:\/\/api.w.org\/{rel}","templated":true}]}}