{"id":520,"date":"2015-11-26T21:46:22","date_gmt":"2015-11-26T21:46:22","guid":{"rendered":"https:\/\/ambalaza-kartonska.com\/?product=ukrasna-poklon-kutija-220-170-70mm-slavonija-sa-slamicom"},"modified":"2026-03-25T17:50:26","modified_gmt":"2026-03-25T16:50:26","slug":"ukrasna-poklon-kutija-220-170-70mm-slavonija-sa-slamicom","status":"publish","type":"product","link":"https:\/\/ambalaza-kartonska.com\/en\/proizvod\/ukrasna-poklon-kutija-220-170-70mm-slavonija-sa-slamicom\/","title":{"rendered":"Ukrasna poklon kutija 220x190x75mm sa slamicom &#8211; SLAVONIJA"},"content":{"rendered":"<p>Ukrasna poklon kutija 220x170x70mm sa slamicom &#8211; SLAVONIJA<\/p>\n","protected":false},"excerpt":{"rendered":"<p>Dimenzija : 220x190x75mm<br \/>\nMaterijal : troslojni bijeli e-val + troslojni e val poklopac sa plasti\u010dnom folijom<br \/>\nPakiranje : 1 kom.<br \/>\nNa\u010din izrade : \u0161tancana ambala\u017ea<br \/>\nIspuna : Drvena slamica<br \/>\nMogu\u0107nost tiska<br \/>\nMogu\u0107nost ka\u0161iranja<\/p>\n","protected":false},"featured_media":518,"template":"","meta":[],"product_brand":[],"product_cat":[26],"product_tag":[69,68,65],"class_list":{"0":"post-520","1":"product","2":"type-product","3":"status-publish","4":"has-post-thumbnail","6":"product_cat-ukrasne-poklon-kutije","7":"product_tag-ambalaza","8":"product_tag-poklon-kutija","9":"product_tag-poklon-kutije","11":"first","12":"instock","13":"taxable","14":"shipping-taxable","15":"purchasable","16":"product-type-simple"},"_links":{"self":[{"href":"https:\/\/ambalaza-kartonska.com\/en\/wp-json\/wp\/v2\/product\/520","targetHints":{"allow":["GET"]}}],"collection":[{"href":"https:\/\/ambalaza-kartonska.com\/en\/wp-json\/wp\/v2\/product"}],"about":[{"href":"https:\/\/ambalaza-kartonska.com\/en\/wp-json\/wp\/v2\/types\/product"}],"wp:featuredmedia":[{"embeddable":true,"href":"https:\/\/ambalaza-kartonska.com\/en\/wp-json\/wp\/v2\/media\/518"}],"wp:attachment":[{"href":"https:\/\/ambalaza-kartonska.com\/en\/wp-json\/wp\/v2\/media?parent=520"}],"wp:term":[{"taxonomy":"product_brand","embeddable":true,"href":"https:\/\/ambalaza-kartonska.com\/en\/wp-json\/wp\/v2\/product_brand?post=520"},{"taxonomy":"product_cat","embeddable":true,"href":"https:\/\/ambalaza-kartonska.com\/en\/wp-json\/wp\/v2\/product_cat?post=520"},{"taxonomy":"product_tag","embeddable":true,"href":"https:\/\/ambalaza-kartonska.com\/en\/wp-json\/wp\/v2\/product_tag?post=520"}],"curies":[{"name":"wp","href":"https:\/\/api.w.org\/{rel}","templated":true}]}}