{"id":511,"date":"2015-11-11T16:00:03","date_gmt":"2015-11-11T16:00:03","guid":{"rendered":"https:\/\/ambalaza-kartonska.com\/?product=kutija-za-pjenusac-2k-e-330-88-90mm-1x0-75l"},"modified":"2026-02-02T16:14:21","modified_gmt":"2026-02-02T15:14:21","slug":"kutija-za-pjenusac-2k-e-330-90-90mm-1x0-75l","status":"publish","type":"product","link":"https:\/\/ambalaza-kartonska.com\/en\/proizvod\/kutija-za-pjenusac-2k-e-330-90-90mm-1x0-75l\/","title":{"rendered":"Kutija za pjenu\u0161ac 2K\/e 330*90*90mm 1*0,75l"},"content":{"rendered":"<p>Kutija za pjenu\u0161ac 2K\/e 330*88*90mm 1&#215;0,75l<\/p>\n","protected":false},"excerpt":{"rendered":"<p>Dimenzija : 330*90*90mm<br \/>\nMaterijal : troslojni sme\u0111i e-val &#8211; kraft<br \/>\nPakiranje : 50 kom.<br \/>\nNa\u010din izrade : \u0161tancana ambala\u017ea<br \/>\nMogu\u0107nost tiska<br \/>\nMogu\u0107nost ka\u0161iranja<\/p>\n<p>Boca : 0,75l pjenu\u0161ac<br \/>\n\u00d8 &#8211; 86mm<br \/>\nH &#8211; 328mm<\/p>\n","protected":false},"featured_media":508,"template":"","meta":[],"product_brand":[],"product_cat":[43],"product_tag":[69,617,613,79,168,615,614,74,618,160,68,65,164,73,616],"class_list":{"0":"post-511","1":"product","2":"type-product","3":"status-publish","4":"has-post-thumbnail","6":"product_cat-kutije-za-pjenusac","7":"product_tag-ambalaza","8":"product_tag-butelje","9":"product_tag-e-commerce-kutije","10":"product_tag-kartonske-kutije","11":"product_tag-kasirana-kutija","12":"product_tag-kutija-za-butelje","13":"product_tag-kutije-za-slanje","14":"product_tag-kutije-za-vino","15":"product_tag-pjenusac","16":"product_tag-poklon-ambalaza","17":"product_tag-poklon-kutija","18":"product_tag-poklon-kutije","19":"product_tag-sloziva-kutija","20":"product_tag-slozive-kutije","21":"product_tag-vino","23":"first","24":"instock","25":"taxable","26":"shipping-taxable","27":"purchasable","28":"product-type-simple"},"_links":{"self":[{"href":"https:\/\/ambalaza-kartonska.com\/en\/wp-json\/wp\/v2\/product\/511","targetHints":{"allow":["GET"]}}],"collection":[{"href":"https:\/\/ambalaza-kartonska.com\/en\/wp-json\/wp\/v2\/product"}],"about":[{"href":"https:\/\/ambalaza-kartonska.com\/en\/wp-json\/wp\/v2\/types\/product"}],"wp:featuredmedia":[{"embeddable":true,"href":"https:\/\/ambalaza-kartonska.com\/en\/wp-json\/wp\/v2\/media\/508"}],"wp:attachment":[{"href":"https:\/\/ambalaza-kartonska.com\/en\/wp-json\/wp\/v2\/media?parent=511"}],"wp:term":[{"taxonomy":"product_brand","embeddable":true,"href":"https:\/\/ambalaza-kartonska.com\/en\/wp-json\/wp\/v2\/product_brand?post=511"},{"taxonomy":"product_cat","embeddable":true,"href":"https:\/\/ambalaza-kartonska.com\/en\/wp-json\/wp\/v2\/product_cat?post=511"},{"taxonomy":"product_tag","embeddable":true,"href":"https:\/\/ambalaza-kartonska.com\/en\/wp-json\/wp\/v2\/product_tag?post=511"}],"curies":[{"name":"wp","href":"https:\/\/api.w.org\/{rel}","templated":true}]}}