{"id":493,"date":"2014-11-22T10:51:08","date_gmt":"2014-11-22T10:51:08","guid":{"rendered":"https:\/\/ambalaza-kartonska.com\/?product=ukrasna-poklon-kutija-385x200x82mm-sa-slamicom-dalmacija"},"modified":"2026-04-08T13:49:16","modified_gmt":"2026-04-08T11:49:16","slug":"ukrasna-poklon-kutija-385x200x82mm-sa-slamicom-dalmacija","status":"publish","type":"product","link":"https:\/\/ambalaza-kartonska.com\/en\/proizvod\/ukrasna-poklon-kutija-385x200x82mm-sa-slamicom-dalmacija\/","title":{"rendered":"Ukrasna poklon kutija 380*210*85mm sa slamicom &#8211; DALMACIJA"},"content":{"rendered":"<p>Ukrasna poklon kutija 380*210*85mm sa slamicom DALMACIJA<\/p>\n","protected":false},"excerpt":{"rendered":"<p>Dimenzija : 380*210*85mm<br \/>\nMaterijal : troslojni kraft sme\u0111i e-val sa plasti\u010dnom folijom + drvena slamica<br \/>\nPakiranje : 25 kom. &#8211; kutije nisu slo\u017eene<br \/>\nPaleta : 170 kom.<br \/>\nNa\u010din izrade : \u0161tancana ambala\u017ea<br \/>\nMogu\u0107nost tiska<br \/>\nMogu\u0107nost ka\u0161iranja<\/p>\n","protected":false},"featured_media":3424,"template":"","meta":[],"product_brand":[],"product_cat":[26],"product_tag":[69,79,70,74,68],"class_list":{"0":"post-493","1":"product","2":"type-product","3":"status-publish","4":"has-post-thumbnail","6":"product_cat-ukrasne-poklon-kutije","7":"product_tag-ambalaza","8":"product_tag-kartonske-kutije","9":"product_tag-kutije-za-boce","10":"product_tag-kutije-za-vino","11":"product_tag-poklon-kutija","13":"first","14":"instock","15":"taxable","16":"shipping-taxable","17":"purchasable","18":"product-type-simple"},"_links":{"self":[{"href":"https:\/\/ambalaza-kartonska.com\/en\/wp-json\/wp\/v2\/product\/493","targetHints":{"allow":["GET"]}}],"collection":[{"href":"https:\/\/ambalaza-kartonska.com\/en\/wp-json\/wp\/v2\/product"}],"about":[{"href":"https:\/\/ambalaza-kartonska.com\/en\/wp-json\/wp\/v2\/types\/product"}],"wp:featuredmedia":[{"embeddable":true,"href":"https:\/\/ambalaza-kartonska.com\/en\/wp-json\/wp\/v2\/media\/3424"}],"wp:attachment":[{"href":"https:\/\/ambalaza-kartonska.com\/en\/wp-json\/wp\/v2\/media?parent=493"}],"wp:term":[{"taxonomy":"product_brand","embeddable":true,"href":"https:\/\/ambalaza-kartonska.com\/en\/wp-json\/wp\/v2\/product_brand?post=493"},{"taxonomy":"product_cat","embeddable":true,"href":"https:\/\/ambalaza-kartonska.com\/en\/wp-json\/wp\/v2\/product_cat?post=493"},{"taxonomy":"product_tag","embeddable":true,"href":"https:\/\/ambalaza-kartonska.com\/en\/wp-json\/wp\/v2\/product_tag?post=493"}],"curies":[{"name":"wp","href":"https:\/\/api.w.org\/{rel}","templated":true}]}}