{"id":4924,"date":"2020-10-24T16:31:23","date_gmt":"2020-10-24T15:31:23","guid":{"rendered":"https:\/\/ambalaza-kartonska.com\/?post_type=product&#038;p=4924"},"modified":"2026-02-16T14:20:08","modified_gmt":"2026-02-16T13:20:08","slug":"stancana-kutija-2k-e-700200130mm","status":"publish","type":"product","link":"https:\/\/ambalaza-kartonska.com\/en\/proizvod\/stancana-kutija-2k-e-700200130mm\/","title":{"rendered":"\u0160tancana kutija 2K\/e 700*200*130mm"},"content":{"rendered":"<p>\u0160tancana kutija 2K\/e 700*200*130mm<\/p>\n","protected":false},"excerpt":{"rendered":"<p>Dimenzija : 700*200*130mm<br \/>\nMaterijal : troslojni sme\u0111i e val- kraft<br \/>\nPakiranje : 25 kom.<br \/>\nNa\u010din izrade : \u0161tancana ambala\u017ea<br \/>\nMogu\u0107nost tiska<br \/>\nMogu\u0107nost ka\u0161iranja<\/p>\n","protected":false},"featured_media":147,"template":"","meta":[],"product_brand":[],"product_cat":[47],"product_tag":[69,72,156,160,65,73],"class_list":{"0":"post-4924","1":"product","2":"type-product","3":"status-publish","4":"has-post-thumbnail","6":"product_cat-slozive-kutije-mailer-boxes-web-shop-friendly","7":"product_tag-ambalaza","8":"product_tag-ambalaza-za-vino","9":"product_tag-dnopoklopac","10":"product_tag-poklon-ambalaza","11":"product_tag-poklon-kutije","12":"product_tag-slozive-kutije","14":"first","15":"instock","16":"taxable","17":"shipping-taxable","18":"purchasable","19":"product-type-simple"},"_links":{"self":[{"href":"https:\/\/ambalaza-kartonska.com\/en\/wp-json\/wp\/v2\/product\/4924","targetHints":{"allow":["GET"]}}],"collection":[{"href":"https:\/\/ambalaza-kartonska.com\/en\/wp-json\/wp\/v2\/product"}],"about":[{"href":"https:\/\/ambalaza-kartonska.com\/en\/wp-json\/wp\/v2\/types\/product"}],"wp:featuredmedia":[{"embeddable":true,"href":"https:\/\/ambalaza-kartonska.com\/en\/wp-json\/wp\/v2\/media\/147"}],"wp:attachment":[{"href":"https:\/\/ambalaza-kartonska.com\/en\/wp-json\/wp\/v2\/media?parent=4924"}],"wp:term":[{"taxonomy":"product_brand","embeddable":true,"href":"https:\/\/ambalaza-kartonska.com\/en\/wp-json\/wp\/v2\/product_brand?post=4924"},{"taxonomy":"product_cat","embeddable":true,"href":"https:\/\/ambalaza-kartonska.com\/en\/wp-json\/wp\/v2\/product_cat?post=4924"},{"taxonomy":"product_tag","embeddable":true,"href":"https:\/\/ambalaza-kartonska.com\/en\/wp-json\/wp\/v2\/product_tag?post=4924"}],"curies":[{"name":"wp","href":"https:\/\/api.w.org\/{rel}","templated":true}]}}