{"id":477,"date":"2014-10-27T22:15:52","date_gmt":"2014-10-27T22:15:52","guid":{"rendered":"https:\/\/ambalaza-kartonska.com\/?product=ukrasna-poklon-kutija-kvfe-200x170x100mm"},"modified":"2026-02-02T16:14:22","modified_gmt":"2026-02-02T15:14:22","slug":"ukrasna-poklon-kutija-kvfe-200x170x100mm","status":"publish","type":"product","link":"https:\/\/ambalaza-kartonska.com\/en\/proizvod\/ukrasna-poklon-kutija-kvfe-200x170x100mm\/","title":{"rendered":"Ukrasna poklon kutija KVFE 200*170*100mm"},"content":{"rendered":"<p>Ukrasna poklon kutija KVFE 200*170*100mm<\/p>\n","protected":false},"excerpt":{"rendered":"<p>Dimenzija : 200x170x100mm<br \/>\nMaterijal : \u010detveroslojni F+E val sa plasti\u010dnom folijom<br \/>\nPakiranje : 10 kom.<br \/>\nNa\u010din izrade : \u0161tancana ambala\u017ea<br \/>\nIspuna : Mogu\u0107nost &#8211; drvena slamica<br \/>\nKutije dolaze rastavljene<\/p>\n","protected":false},"featured_media":474,"template":"","meta":[],"product_brand":[],"product_cat":[26],"product_tag":[79,596,160,65,595],"class_list":{"0":"post-477","1":"product","2":"type-product","3":"status-publish","4":"has-post-thumbnail","6":"product_cat-ukrasne-poklon-kutije","7":"product_tag-kartonske-kutije","8":"product_tag-kutije-za-poklone","9":"product_tag-poklon-ambalaza","10":"product_tag-poklon-kutije","11":"product_tag-ukrasne-kutije","13":"first","14":"outofstock","15":"taxable","16":"shipping-taxable","17":"purchasable","18":"product-type-simple"},"_links":{"self":[{"href":"https:\/\/ambalaza-kartonska.com\/en\/wp-json\/wp\/v2\/product\/477","targetHints":{"allow":["GET"]}}],"collection":[{"href":"https:\/\/ambalaza-kartonska.com\/en\/wp-json\/wp\/v2\/product"}],"about":[{"href":"https:\/\/ambalaza-kartonska.com\/en\/wp-json\/wp\/v2\/types\/product"}],"wp:featuredmedia":[{"embeddable":true,"href":"https:\/\/ambalaza-kartonska.com\/en\/wp-json\/wp\/v2\/media\/474"}],"wp:attachment":[{"href":"https:\/\/ambalaza-kartonska.com\/en\/wp-json\/wp\/v2\/media?parent=477"}],"wp:term":[{"taxonomy":"product_brand","embeddable":true,"href":"https:\/\/ambalaza-kartonska.com\/en\/wp-json\/wp\/v2\/product_brand?post=477"},{"taxonomy":"product_cat","embeddable":true,"href":"https:\/\/ambalaza-kartonska.com\/en\/wp-json\/wp\/v2\/product_cat?post=477"},{"taxonomy":"product_tag","embeddable":true,"href":"https:\/\/ambalaza-kartonska.com\/en\/wp-json\/wp\/v2\/product_tag?post=477"}],"curies":[{"name":"wp","href":"https:\/\/api.w.org\/{rel}","templated":true}]}}