{"id":465,"date":"2014-08-22T11:59:39","date_gmt":"2014-08-22T11:59:39","guid":{"rendered":"https:\/\/ambalaza-kartonska.com\/?product=natron-vrecica-za-butelju-14-8-39-cm-smeda"},"modified":"2026-02-02T16:14:23","modified_gmt":"2026-02-02T15:14:23","slug":"natron-vrecica-za-butelju-14-8-39-cm-smeda","status":"publish","type":"product","link":"https:\/\/ambalaza-kartonska.com\/en\/proizvod\/natron-vrecica-za-butelju-14-8-39-cm-smeda\/","title":{"rendered":"Natron vre\u0107ica za butelju 14+8*39 cm sme\u0111a"},"content":{"rendered":"<p>Natron vre\u0107ica za butelju 14+8*39 cm sme\u0111a<\/p>\n","protected":false},"excerpt":{"rendered":"<p>Dimenzija : 14+8*39 cm<br \/>\nMaterijal : sme\u0111i natron<br \/>\nGramatura : 110g.\/m2<br \/>\nRu\u010dka : frkana ( ribbed )<br \/>\nPakiranje : 300 kom.<br \/>\nMogu\u0107nost sitotiska do 3000 kom.<br \/>\nFlexotisak na koli\u010dini od minimalno 3000 kom.<br \/>\nVre\u0107ica za jednu butelju<br \/>\nSve dimenzije butelja i boca<\/p>\n","protected":false},"featured_media":464,"template":"","meta":[],"product_brand":[],"product_cat":[33,46],"product_tag":[79,597,75,596,599,598,160,65,595,600],"class_list":{"0":"post-465","1":"product","2":"type-product","3":"status-publish","4":"has-post-thumbnail","6":"product_cat-natron-vre","7":"product_cat-natron-vrecica","8":"product_tag-kartonske-kutije","9":"product_tag-kutija-za-vino","10":"product_tag-kutije-za-butelje","11":"product_tag-kutije-za-poklone","12":"product_tag-natron","13":"product_tag-natron-vrecica","14":"product_tag-poklon-ambalaza","15":"product_tag-poklon-kutije","16":"product_tag-ukrasne-kutije","17":"product_tag-vrecice-za-butelje","19":"first","20":"instock","21":"taxable","22":"shipping-taxable","23":"purchasable","24":"product-type-simple"},"_links":{"self":[{"href":"https:\/\/ambalaza-kartonska.com\/en\/wp-json\/wp\/v2\/product\/465","targetHints":{"allow":["GET"]}}],"collection":[{"href":"https:\/\/ambalaza-kartonska.com\/en\/wp-json\/wp\/v2\/product"}],"about":[{"href":"https:\/\/ambalaza-kartonska.com\/en\/wp-json\/wp\/v2\/types\/product"}],"wp:featuredmedia":[{"embeddable":true,"href":"https:\/\/ambalaza-kartonska.com\/en\/wp-json\/wp\/v2\/media\/464"}],"wp:attachment":[{"href":"https:\/\/ambalaza-kartonska.com\/en\/wp-json\/wp\/v2\/media?parent=465"}],"wp:term":[{"taxonomy":"product_brand","embeddable":true,"href":"https:\/\/ambalaza-kartonska.com\/en\/wp-json\/wp\/v2\/product_brand?post=465"},{"taxonomy":"product_cat","embeddable":true,"href":"https:\/\/ambalaza-kartonska.com\/en\/wp-json\/wp\/v2\/product_cat?post=465"},{"taxonomy":"product_tag","embeddable":true,"href":"https:\/\/ambalaza-kartonska.com\/en\/wp-json\/wp\/v2\/product_tag?post=465"}],"curies":[{"name":"wp","href":"https:\/\/api.w.org\/{rel}","templated":true}]}}