{"id":456,"date":"2014-02-27T21:56:40","date_gmt":"2014-02-27T21:56:40","guid":{"rendered":"https:\/\/ambalaza-kartonska.com\/?product=ukrasna-poklon-kutija-240x240x70mm-sa-slamicom-lika"},"modified":"2026-02-02T16:14:23","modified_gmt":"2026-02-02T15:14:23","slug":"ukrasna-poklon-kutija-240x240x70mm-sa-slamicom-lika","status":"publish","type":"product","link":"https:\/\/ambalaza-kartonska.com\/en\/proizvod\/ukrasna-poklon-kutija-240x240x70mm-sa-slamicom-lika\/","title":{"rendered":"Ukrasna poklon kutija 245x245x75mm sa slamicom LIKA"},"content":{"rendered":"<p>Ukrasna poklon kutija 240x240x70mm sa slamicom LIKA<\/p>\n","protected":false},"excerpt":{"rendered":"<p>Dimenzija : 245x245x75mm<br \/>\nMaterijal : troslojni kraft sme\u0111i e-val + troslojni e val sa plasti\u010dnom folijom<br \/>\nPakiranje : 25 kom.<br \/>\nNa\u010din izrade : \u0161tancana ambala\u017ea<br \/>\nMogu\u0107nost tiska<br \/>\nMogu\u0107nost ka\u0161iranja<\/p>\n","protected":false},"featured_media":454,"template":"","meta":[],"product_brand":[],"product_cat":[26],"product_tag":[79,597,601,596,160,65,595],"class_list":{"0":"post-456","1":"product","2":"type-product","3":"status-publish","4":"has-post-thumbnail","6":"product_cat-ukrasne-poklon-kutije","7":"product_tag-kartonske-kutije","8":"product_tag-kutija-za-vino","9":"product_tag-kutije-za-butelje-poklon-kutije","10":"product_tag-kutije-za-poklone","11":"product_tag-poklon-ambalaza","12":"product_tag-poklon-kutije","13":"product_tag-ukrasne-kutije","15":"first","16":"instock","17":"taxable","18":"shipping-taxable","19":"purchasable","20":"product-type-simple"},"_links":{"self":[{"href":"https:\/\/ambalaza-kartonska.com\/en\/wp-json\/wp\/v2\/product\/456","targetHints":{"allow":["GET"]}}],"collection":[{"href":"https:\/\/ambalaza-kartonska.com\/en\/wp-json\/wp\/v2\/product"}],"about":[{"href":"https:\/\/ambalaza-kartonska.com\/en\/wp-json\/wp\/v2\/types\/product"}],"wp:featuredmedia":[{"embeddable":true,"href":"https:\/\/ambalaza-kartonska.com\/en\/wp-json\/wp\/v2\/media\/454"}],"wp:attachment":[{"href":"https:\/\/ambalaza-kartonska.com\/en\/wp-json\/wp\/v2\/media?parent=456"}],"wp:term":[{"taxonomy":"product_brand","embeddable":true,"href":"https:\/\/ambalaza-kartonska.com\/en\/wp-json\/wp\/v2\/product_brand?post=456"},{"taxonomy":"product_cat","embeddable":true,"href":"https:\/\/ambalaza-kartonska.com\/en\/wp-json\/wp\/v2\/product_cat?post=456"},{"taxonomy":"product_tag","embeddable":true,"href":"https:\/\/ambalaza-kartonska.com\/en\/wp-json\/wp\/v2\/product_tag?post=456"}],"curies":[{"name":"wp","href":"https:\/\/api.w.org\/{rel}","templated":true}]}}