{"id":444,"date":"2014-02-27T21:27:27","date_gmt":"2014-02-27T21:27:27","guid":{"rendered":"https:\/\/ambalaza-kartonska.com\/?product=poklon-kutija-220x180x70mm-sa-slamicom-istra"},"modified":"2026-02-02T16:14:24","modified_gmt":"2026-02-02T15:14:24","slug":"poklon-kutija-220x180x70mm-sa-slamicom-istra","status":"publish","type":"product","link":"https:\/\/ambalaza-kartonska.com\/en\/proizvod\/poklon-kutija-220x180x70mm-sa-slamicom-istra\/","title":{"rendered":"Ukrasna poklon kutija 220x190x75mm sa slamicom &#8211; ISTRA"},"content":{"rendered":"<p>Ukrasna poklon kutija 220x180x70mm sa slamicom &#8211; ISTRA<\/p>\n","protected":false},"excerpt":{"rendered":"<p>Poklopac je izra\u0111en od ravnog kartona a ne rebrastog!<\/p>\n<p>Dimenzija : 220x190x75mm<br \/>\nMaterijal : troslojni sme\u0111i e-val + dvoslojni e val sa plasti\u010dnom folijom<br \/>\nPakiranje : 25 kom.<br \/>\nNa\u010din izrade : \u0161tancana ambala\u017ea<br \/>\nIspuna : Drvena slamica<br \/>\nMogu\u0107nost tiska<br \/>\nMogu\u0107nost ka\u0161iranja<\/p>\n<p>&nbsp;<\/p>\n","protected":false},"featured_media":442,"template":"","meta":[],"product_brand":[],"product_cat":[26],"product_tag":[160,68,167,164,73],"class_list":{"0":"post-444","1":"product","2":"type-product","3":"status-publish","4":"has-post-thumbnail","6":"product_cat-ukrasne-poklon-kutije","7":"product_tag-poklon-ambalaza","8":"product_tag-poklon-kutija","9":"product_tag-poklonkutije","10":"product_tag-sloziva-kutija","11":"product_tag-slozive-kutije","13":"first","14":"instock","15":"taxable","16":"shipping-taxable","17":"purchasable","18":"product-type-simple"},"_links":{"self":[{"href":"https:\/\/ambalaza-kartonska.com\/en\/wp-json\/wp\/v2\/product\/444","targetHints":{"allow":["GET"]}}],"collection":[{"href":"https:\/\/ambalaza-kartonska.com\/en\/wp-json\/wp\/v2\/product"}],"about":[{"href":"https:\/\/ambalaza-kartonska.com\/en\/wp-json\/wp\/v2\/types\/product"}],"wp:featuredmedia":[{"embeddable":true,"href":"https:\/\/ambalaza-kartonska.com\/en\/wp-json\/wp\/v2\/media\/442"}],"wp:attachment":[{"href":"https:\/\/ambalaza-kartonska.com\/en\/wp-json\/wp\/v2\/media?parent=444"}],"wp:term":[{"taxonomy":"product_brand","embeddable":true,"href":"https:\/\/ambalaza-kartonska.com\/en\/wp-json\/wp\/v2\/product_brand?post=444"},{"taxonomy":"product_cat","embeddable":true,"href":"https:\/\/ambalaza-kartonska.com\/en\/wp-json\/wp\/v2\/product_cat?post=444"},{"taxonomy":"product_tag","embeddable":true,"href":"https:\/\/ambalaza-kartonska.com\/en\/wp-json\/wp\/v2\/product_tag?post=444"}],"curies":[{"name":"wp","href":"https:\/\/api.w.org\/{rel}","templated":true}]}}