{"id":429,"date":"2013-12-20T23:01:41","date_gmt":"2013-12-20T23:01:41","guid":{"rendered":"https:\/\/ambalaza-kartonska.com\/?product=poklon-kutija-za-med-kv-fe-180x90x160mm-2x720ml-rebrasta"},"modified":"2026-04-01T11:52:06","modified_gmt":"2026-04-01T09:52:06","slug":"poklon-kutija-za-med-kv-fe-180x90x160mm-2x720ml-rebrasta","status":"publish","type":"product","link":"https:\/\/ambalaza-kartonska.com\/en\/proizvod\/poklon-kutija-za-med-kv-fe-180x90x160mm-2x720ml-rebrasta\/","title":{"rendered":"Poklon kutija za med KV\/FE 180*90*160mm 2*720ml &#8211; rebrasta"},"content":{"rendered":"<p>Poklon kutija za med KV\/FE 180*90*160mm 2*720ml &#8211; rebrasta<\/p>\n","protected":false},"excerpt":{"rendered":"<p>Dimenzija : 180*90*160mm<br \/>\nMaterijal : \u010detveroslojni e+f val &#8211; kraft<br \/>\nPakiranje : 50 kom.<br \/>\nNa\u010din izrade : \u0161tancana ambala\u017ea<br \/>\nMogu\u0107nost slijepog tiska<\/p>\n","protected":false},"featured_media":428,"template":"","meta":[],"product_brand":[],"product_cat":[22],"product_tag":[69,160,68,167],"class_list":{"0":"post-429","1":"product","2":"type-product","3":"status-publish","4":"has-post-thumbnail","6":"product_cat-poklon-kutije-za-med","7":"product_tag-ambalaza","8":"product_tag-poklon-ambalaza","9":"product_tag-poklon-kutija","10":"product_tag-poklonkutije","12":"first","13":"instock","14":"taxable","15":"shipping-taxable","16":"purchasable","17":"product-type-simple"},"_links":{"self":[{"href":"https:\/\/ambalaza-kartonska.com\/en\/wp-json\/wp\/v2\/product\/429","targetHints":{"allow":["GET"]}}],"collection":[{"href":"https:\/\/ambalaza-kartonska.com\/en\/wp-json\/wp\/v2\/product"}],"about":[{"href":"https:\/\/ambalaza-kartonska.com\/en\/wp-json\/wp\/v2\/types\/product"}],"wp:featuredmedia":[{"embeddable":true,"href":"https:\/\/ambalaza-kartonska.com\/en\/wp-json\/wp\/v2\/media\/428"}],"wp:attachment":[{"href":"https:\/\/ambalaza-kartonska.com\/en\/wp-json\/wp\/v2\/media?parent=429"}],"wp:term":[{"taxonomy":"product_brand","embeddable":true,"href":"https:\/\/ambalaza-kartonska.com\/en\/wp-json\/wp\/v2\/product_brand?post=429"},{"taxonomy":"product_cat","embeddable":true,"href":"https:\/\/ambalaza-kartonska.com\/en\/wp-json\/wp\/v2\/product_cat?post=429"},{"taxonomy":"product_tag","embeddable":true,"href":"https:\/\/ambalaza-kartonska.com\/en\/wp-json\/wp\/v2\/product_tag?post=429"}],"curies":[{"name":"wp","href":"https:\/\/api.w.org\/{rel}","templated":true}]}}