{"id":425,"date":"2013-12-20T22:22:09","date_gmt":"2013-12-20T22:22:09","guid":{"rendered":"https:\/\/ambalaza-kartonska.com\/?product=poklon-kutija-za-med-kv-fe-180x90x90mm-2x370ml-rebrasta"},"modified":"2026-02-02T16:14:24","modified_gmt":"2026-02-02T15:14:24","slug":"poklon-kutija-za-med-kv-fe-180x90x90mm-2x370ml-rebrasta","status":"publish","type":"product","link":"https:\/\/ambalaza-kartonska.com\/en\/proizvod\/poklon-kutija-za-med-kv-fe-180x90x90mm-2x370ml-rebrasta\/","title":{"rendered":"Poklon kutija za med KV\/FE 180*90*90mm 2*370ml &#8211; rebrasta"},"content":{"rendered":"<p>Poklon kutija za med KV\/FE 180*90*90mm 2*370ml &#8211; rebrasta<\/p>\n","protected":false},"excerpt":{"rendered":"<p>Dimenzija : 180*90*90mm<br \/>\nMaterijal : \u010detveroslojni e + f val &#8211; rebrasti -obostranikraft<br \/>\nPakiranje : 50 kom.<br \/>\nNa\u010din izrade : \u0161tancana ambala\u017ea<br \/>\nMogu\u0107nost slijepog tiska<\/p>\n","protected":false},"featured_media":424,"template":"","meta":[],"product_brand":[],"product_cat":[22],"product_tag":[69,604,605,165,79,603,160,68,65],"class_list":{"0":"post-425","1":"product","2":"type-product","3":"status-publish","4":"has-post-thumbnail","6":"product_cat-poklon-kutije-za-med","7":"product_tag-ambalaza","8":"product_tag-ambalaza-za-med","9":"product_tag-kartoni-za-med","10":"product_tag-kartonska-kutija","11":"product_tag-kartonske-kutije","12":"product_tag-kutije-za-med","13":"product_tag-poklon-ambalaza","14":"product_tag-poklon-kutija","15":"product_tag-poklon-kutije","17":"first","18":"instock","19":"taxable","20":"shipping-taxable","21":"purchasable","22":"product-type-simple"},"_links":{"self":[{"href":"https:\/\/ambalaza-kartonska.com\/en\/wp-json\/wp\/v2\/product\/425","targetHints":{"allow":["GET"]}}],"collection":[{"href":"https:\/\/ambalaza-kartonska.com\/en\/wp-json\/wp\/v2\/product"}],"about":[{"href":"https:\/\/ambalaza-kartonska.com\/en\/wp-json\/wp\/v2\/types\/product"}],"wp:featuredmedia":[{"embeddable":true,"href":"https:\/\/ambalaza-kartonska.com\/en\/wp-json\/wp\/v2\/media\/424"}],"wp:attachment":[{"href":"https:\/\/ambalaza-kartonska.com\/en\/wp-json\/wp\/v2\/media?parent=425"}],"wp:term":[{"taxonomy":"product_brand","embeddable":true,"href":"https:\/\/ambalaza-kartonska.com\/en\/wp-json\/wp\/v2\/product_brand?post=425"},{"taxonomy":"product_cat","embeddable":true,"href":"https:\/\/ambalaza-kartonska.com\/en\/wp-json\/wp\/v2\/product_cat?post=425"},{"taxonomy":"product_tag","embeddable":true,"href":"https:\/\/ambalaza-kartonska.com\/en\/wp-json\/wp\/v2\/product_tag?post=425"}],"curies":[{"name":"wp","href":"https:\/\/api.w.org\/{rel}","templated":true}]}}