{"id":421,"date":"2013-12-13T23:26:52","date_gmt":"2013-12-13T23:26:52","guid":{"rendered":"https:\/\/ambalaza-kartonska.com\/?product=kutija-za-tri-butelje-kv-fe-240x80x350mm-rebrasta"},"modified":"2026-02-02T16:14:25","modified_gmt":"2026-02-02T15:14:25","slug":"kutija-za-tri-butelje-kv-fe-240x80x350mm-rebrasta","status":"publish","type":"product","link":"https:\/\/ambalaza-kartonska.com\/en\/proizvod\/kutija-za-tri-butelje-kv-fe-240x80x350mm-rebrasta\/","title":{"rendered":"Kutija za tri butelje KV\/FE 240x80x350mm &#8211; rebrasta"},"content":{"rendered":"<p>Kutija za tri butelje KV\/FE 240x80x350mm &#8211; rebrasta<\/p>\n","protected":false},"excerpt":{"rendered":"<p>Dimenzija : 240*80*350mm<br \/>\nMaterijal : sme\u0111i \u010detveroslojni rebrasti karton<br \/>\nPakiranje : 50 kom.<br \/>\nNa\u010din izrade : \u0161tancana ambala\u017ea<br \/>\nMogu\u0107nost slijepog tiska<\/p>\n","protected":false},"featured_media":420,"template":"","meta":[],"product_brand":[],"product_cat":[40],"product_tag":[69,606,604,72,605,165,79,75,603,74,160,68,65],"class_list":{"0":"post-421","1":"product","2":"type-product","3":"status-publish","4":"has-post-thumbnail","6":"product_cat-kutija-za-3-boce-ili-butelje","7":"product_tag-ambalaza","8":"product_tag-ambalaza-za-butelje","9":"product_tag-ambalaza-za-med","10":"product_tag-ambalaza-za-vino","11":"product_tag-kartoni-za-med","12":"product_tag-kartonska-kutija","13":"product_tag-kartonske-kutije","14":"product_tag-kutije-za-butelje","15":"product_tag-kutije-za-med","16":"product_tag-kutije-za-vino","17":"product_tag-poklon-ambalaza","18":"product_tag-poklon-kutija","19":"product_tag-poklon-kutije","21":"first","22":"instock","23":"taxable","24":"shipping-taxable","25":"purchasable","26":"product-type-simple"},"_links":{"self":[{"href":"https:\/\/ambalaza-kartonska.com\/en\/wp-json\/wp\/v2\/product\/421","targetHints":{"allow":["GET"]}}],"collection":[{"href":"https:\/\/ambalaza-kartonska.com\/en\/wp-json\/wp\/v2\/product"}],"about":[{"href":"https:\/\/ambalaza-kartonska.com\/en\/wp-json\/wp\/v2\/types\/product"}],"wp:featuredmedia":[{"embeddable":true,"href":"https:\/\/ambalaza-kartonska.com\/en\/wp-json\/wp\/v2\/media\/420"}],"wp:attachment":[{"href":"https:\/\/ambalaza-kartonska.com\/en\/wp-json\/wp\/v2\/media?parent=421"}],"wp:term":[{"taxonomy":"product_brand","embeddable":true,"href":"https:\/\/ambalaza-kartonska.com\/en\/wp-json\/wp\/v2\/product_brand?post=421"},{"taxonomy":"product_cat","embeddable":true,"href":"https:\/\/ambalaza-kartonska.com\/en\/wp-json\/wp\/v2\/product_cat?post=421"},{"taxonomy":"product_tag","embeddable":true,"href":"https:\/\/ambalaza-kartonska.com\/en\/wp-json\/wp\/v2\/product_tag?post=421"}],"curies":[{"name":"wp","href":"https:\/\/api.w.org\/{rel}","templated":true}]}}