{"id":408,"date":"2012-12-03T15:29:57","date_gmt":"2012-12-03T15:29:57","guid":{"rendered":"https:\/\/ambalaza-kartonska.com\/?product=poklon-kutija-za-dzem-bk-e-150x147x95mm"},"modified":"2026-02-02T16:14:25","modified_gmt":"2026-02-02T15:14:25","slug":"poklon-kutija-za-dzem-bk-e-150x147x95mm","status":"publish","type":"product","link":"https:\/\/ambalaza-kartonska.com\/en\/proizvod\/poklon-kutija-za-dzem-bk-e-150x147x95mm\/","title":{"rendered":"Poklon kutija za d\u017eem BK\/e 150x147x95mm"},"content":{"rendered":"<p>Poklon kutija za d\u017eem BK\/e 150x147x95mm <\/p>\n","protected":false},"excerpt":{"rendered":"<p>Dimenzija : 150x147x95mm<br \/>\nMaterijal : troslojni bijeli e val<br \/>\nPakiranje : 50 kom.<br \/>\nNa\u010din izrade : \u0161tancana ambala\u017ea<br \/>\nMogu\u0107nost dotiska loga<br \/>\nkutija za 4 bo\u010dice<\/p>\n","protected":false},"featured_media":407,"template":"","meta":[],"product_brand":[],"product_cat":[31],"product_tag":[69,606,604,72,605,165,79,75,607,603,74,160,68,65],"class_list":{"0":"post-408","1":"product","2":"type-product","3":"status-publish","4":"has-post-thumbnail","6":"product_cat-poklon-kutije-za-d","7":"product_tag-ambalaza","8":"product_tag-ambalaza-za-butelje","9":"product_tag-ambalaza-za-med","10":"product_tag-ambalaza-za-vino","11":"product_tag-kartoni-za-med","12":"product_tag-kartonska-kutija","13":"product_tag-kartonske-kutije","14":"product_tag-kutije-za-butelje","15":"product_tag-kutije-za-dem","16":"product_tag-kutije-za-med","17":"product_tag-kutije-za-vino","18":"product_tag-poklon-ambalaza","19":"product_tag-poklon-kutija","20":"product_tag-poklon-kutije","22":"first","23":"outofstock","24":"taxable","25":"shipping-taxable","26":"purchasable","27":"product-type-simple"},"_links":{"self":[{"href":"https:\/\/ambalaza-kartonska.com\/en\/wp-json\/wp\/v2\/product\/408","targetHints":{"allow":["GET"]}}],"collection":[{"href":"https:\/\/ambalaza-kartonska.com\/en\/wp-json\/wp\/v2\/product"}],"about":[{"href":"https:\/\/ambalaza-kartonska.com\/en\/wp-json\/wp\/v2\/types\/product"}],"wp:featuredmedia":[{"embeddable":true,"href":"https:\/\/ambalaza-kartonska.com\/en\/wp-json\/wp\/v2\/media\/407"}],"wp:attachment":[{"href":"https:\/\/ambalaza-kartonska.com\/en\/wp-json\/wp\/v2\/media?parent=408"}],"wp:term":[{"taxonomy":"product_brand","embeddable":true,"href":"https:\/\/ambalaza-kartonska.com\/en\/wp-json\/wp\/v2\/product_brand?post=408"},{"taxonomy":"product_cat","embeddable":true,"href":"https:\/\/ambalaza-kartonska.com\/en\/wp-json\/wp\/v2\/product_cat?post=408"},{"taxonomy":"product_tag","embeddable":true,"href":"https:\/\/ambalaza-kartonska.com\/en\/wp-json\/wp\/v2\/product_tag?post=408"}],"curies":[{"name":"wp","href":"https:\/\/api.w.org\/{rel}","templated":true}]}}