{"id":404,"date":"2012-12-03T10:26:45","date_gmt":"2012-12-03T10:26:45","guid":{"rendered":"https:\/\/ambalaza-kartonska.com\/?product=poklon-kutija-za-dzem-kk-e-150x75x115mm"},"modified":"2026-02-02T16:14:26","modified_gmt":"2026-02-02T15:14:26","slug":"poklon-kutija-za-dzem-kk-e-150x75x115mm","status":"publish","type":"product","link":"https:\/\/ambalaza-kartonska.com\/en\/proizvod\/poklon-kutija-za-dzem-kk-e-150x75x115mm\/","title":{"rendered":"Poklon kutija za d\u017eem KK\/e 150x75x115mm"},"content":{"rendered":"<p>Poklon kutija za d\u017eem KV\/GE 150x75x115mm<\/p>\n","protected":false},"excerpt":{"rendered":"<p>Dimenzija : 150x75x115mm<br \/>\nMaterijal : \u010detveroslojni e+g val<br \/>\nPakiranje : 50 kom.<br \/>\nNa\u010din izrade : \u0161tancana ambala\u017ea<br \/>\nMogu\u0107nost tiska<br \/>\nMogu\u0107nost ka\u0161iranja<br \/>\nKoristi se za poklon pakiranja raznih d\u017eemova i napitaka<\/p>\n","protected":false},"featured_media":403,"template":"","meta":[],"product_brand":[],"product_cat":[31],"product_tag":[69,606,604,72,605,165,79,75,607,603,74,160,68,65],"class_list":{"0":"post-404","1":"product","2":"type-product","3":"status-publish","4":"has-post-thumbnail","6":"product_cat-poklon-kutije-za-d","7":"product_tag-ambalaza","8":"product_tag-ambalaza-za-butelje","9":"product_tag-ambalaza-za-med","10":"product_tag-ambalaza-za-vino","11":"product_tag-kartoni-za-med","12":"product_tag-kartonska-kutija","13":"product_tag-kartonske-kutije","14":"product_tag-kutije-za-butelje","15":"product_tag-kutije-za-dem","16":"product_tag-kutije-za-med","17":"product_tag-kutije-za-vino","18":"product_tag-poklon-ambalaza","19":"product_tag-poklon-kutija","20":"product_tag-poklon-kutije","22":"first","23":"outofstock","24":"taxable","25":"shipping-taxable","26":"purchasable","27":"product-type-simple"},"_links":{"self":[{"href":"https:\/\/ambalaza-kartonska.com\/en\/wp-json\/wp\/v2\/product\/404","targetHints":{"allow":["GET"]}}],"collection":[{"href":"https:\/\/ambalaza-kartonska.com\/en\/wp-json\/wp\/v2\/product"}],"about":[{"href":"https:\/\/ambalaza-kartonska.com\/en\/wp-json\/wp\/v2\/types\/product"}],"wp:featuredmedia":[{"embeddable":true,"href":"https:\/\/ambalaza-kartonska.com\/en\/wp-json\/wp\/v2\/media\/403"}],"wp:attachment":[{"href":"https:\/\/ambalaza-kartonska.com\/en\/wp-json\/wp\/v2\/media?parent=404"}],"wp:term":[{"taxonomy":"product_brand","embeddable":true,"href":"https:\/\/ambalaza-kartonska.com\/en\/wp-json\/wp\/v2\/product_brand?post=404"},{"taxonomy":"product_cat","embeddable":true,"href":"https:\/\/ambalaza-kartonska.com\/en\/wp-json\/wp\/v2\/product_cat?post=404"},{"taxonomy":"product_tag","embeddable":true,"href":"https:\/\/ambalaza-kartonska.com\/en\/wp-json\/wp\/v2\/product_tag?post=404"}],"curies":[{"name":"wp","href":"https:\/\/api.w.org\/{rel}","templated":true}]}}