{"id":402,"date":"2012-11-30T08:27:02","date_gmt":"2012-11-30T08:27:02","guid":{"rendered":"https:\/\/ambalaza-kartonska.com\/?product=stancana-kutija-2k-e-260x108x30mm-10x0-02l"},"modified":"2026-02-02T16:14:26","modified_gmt":"2026-02-02T15:14:26","slug":"stancana-kutija-2k-e-260x108x30mm-10x0-02l","status":"publish","type":"product","link":"https:\/\/ambalaza-kartonska.com\/en\/proizvod\/stancana-kutija-2k-e-260x108x30mm-10x0-02l\/","title":{"rendered":"\u0160tancana kutija 2K\/e 260*108*30mm 10*0,02l"},"content":{"rendered":"<p>\u0160tancana kutija 2K\/e 260*108*30mm 10*0,02l<\/p>\n","protected":false},"excerpt":{"rendered":"<p>Dimenzija : 260x108x30mm<br \/>\nMaterijal : sme\u0111i troslojni e val &#8211; kraft<br \/>\nPakiranje : 50 kom.<br \/>\nOpis : kutija za 10 bo\u0107ica od 0,02L<br \/>\nNa\u010din izrade : \u0161tancana ambala\u017ea<br \/>\nMogu\u0107nost tiska<br \/>\nVe\u0107a koli\u010dina na upit<\/p>\n","protected":false},"featured_media":401,"template":"","meta":[],"product_brand":[],"product_cat":[25],"product_tag":[72,70,71],"class_list":{"0":"post-402","1":"product","2":"type-product","3":"status-publish","4":"has-post-thumbnail","6":"product_cat-kutije-za-0-02l","7":"product_tag-ambalaza-za-vino","8":"product_tag-kutije-za-boce","9":"product_tag-kutije-za-bocice","11":"first","12":"instock","13":"taxable","14":"shipping-taxable","15":"purchasable","16":"product-type-simple"},"_links":{"self":[{"href":"https:\/\/ambalaza-kartonska.com\/en\/wp-json\/wp\/v2\/product\/402","targetHints":{"allow":["GET"]}}],"collection":[{"href":"https:\/\/ambalaza-kartonska.com\/en\/wp-json\/wp\/v2\/product"}],"about":[{"href":"https:\/\/ambalaza-kartonska.com\/en\/wp-json\/wp\/v2\/types\/product"}],"wp:featuredmedia":[{"embeddable":true,"href":"https:\/\/ambalaza-kartonska.com\/en\/wp-json\/wp\/v2\/media\/401"}],"wp:attachment":[{"href":"https:\/\/ambalaza-kartonska.com\/en\/wp-json\/wp\/v2\/media?parent=402"}],"wp:term":[{"taxonomy":"product_brand","embeddable":true,"href":"https:\/\/ambalaza-kartonska.com\/en\/wp-json\/wp\/v2\/product_brand?post=402"},{"taxonomy":"product_cat","embeddable":true,"href":"https:\/\/ambalaza-kartonska.com\/en\/wp-json\/wp\/v2\/product_cat?post=402"},{"taxonomy":"product_tag","embeddable":true,"href":"https:\/\/ambalaza-kartonska.com\/en\/wp-json\/wp\/v2\/product_tag?post=402"}],"curies":[{"name":"wp","href":"https:\/\/api.w.org\/{rel}","templated":true}]}}