{"id":400,"date":"2012-11-30T08:24:34","date_gmt":"2012-11-30T08:24:34","guid":{"rendered":"https:\/\/ambalaza-kartonska.com\/?product=stancana-kutija-2k-e135x108x30mm-5x0-02l"},"modified":"2026-04-08T13:49:16","modified_gmt":"2026-04-08T11:49:16","slug":"stancana-kutija-2k-e135x108x30mm-5x0-02l","status":"publish","type":"product","link":"https:\/\/ambalaza-kartonska.com\/en\/proizvod\/stancana-kutija-2k-e135x108x30mm-5x0-02l\/","title":{"rendered":"\u0160tancana kutija 2K\/e 135*108*30mm 5*0,02l"},"content":{"rendered":"<p>\u0160tancana kutija 2K\/e135x108x30mm 5&#215;0,02l<\/p>\n","protected":false},"excerpt":{"rendered":"<p>Dimenzija : 135x108x30mm<br \/>\nMaterijal : sme\u0111i troslojni e val &#8211; kraft<br \/>\nPakiranje : 50 kom.<br \/>\nOpis : kutija za 5 bo\u0107ica od 0,02L<br \/>\nNa\u010din izrade : \u0161tancana ambala\u017ea<br \/>\nMogu\u0107nost tiska<br \/>\nVe\u0107a koli\u010dina na upit<\/p>\n","protected":false},"featured_media":399,"template":"","meta":[],"product_brand":[],"product_cat":[25],"product_tag":[69,606,604,72,605,165,79,75,607,603,74,160,68,65],"class_list":{"0":"post-400","1":"product","2":"type-product","3":"status-publish","4":"has-post-thumbnail","6":"product_cat-kutije-za-0-02l","7":"product_tag-ambalaza","8":"product_tag-ambalaza-za-butelje","9":"product_tag-ambalaza-za-med","10":"product_tag-ambalaza-za-vino","11":"product_tag-kartoni-za-med","12":"product_tag-kartonska-kutija","13":"product_tag-kartonske-kutije","14":"product_tag-kutije-za-butelje","15":"product_tag-kutije-za-dem","16":"product_tag-kutije-za-med","17":"product_tag-kutije-za-vino","18":"product_tag-poklon-ambalaza","19":"product_tag-poklon-kutija","20":"product_tag-poklon-kutije","22":"first","23":"instock","24":"taxable","25":"shipping-taxable","26":"purchasable","27":"product-type-simple"},"_links":{"self":[{"href":"https:\/\/ambalaza-kartonska.com\/en\/wp-json\/wp\/v2\/product\/400","targetHints":{"allow":["GET"]}}],"collection":[{"href":"https:\/\/ambalaza-kartonska.com\/en\/wp-json\/wp\/v2\/product"}],"about":[{"href":"https:\/\/ambalaza-kartonska.com\/en\/wp-json\/wp\/v2\/types\/product"}],"wp:featuredmedia":[{"embeddable":true,"href":"https:\/\/ambalaza-kartonska.com\/en\/wp-json\/wp\/v2\/media\/399"}],"wp:attachment":[{"href":"https:\/\/ambalaza-kartonska.com\/en\/wp-json\/wp\/v2\/media?parent=400"}],"wp:term":[{"taxonomy":"product_brand","embeddable":true,"href":"https:\/\/ambalaza-kartonska.com\/en\/wp-json\/wp\/v2\/product_brand?post=400"},{"taxonomy":"product_cat","embeddable":true,"href":"https:\/\/ambalaza-kartonska.com\/en\/wp-json\/wp\/v2\/product_cat?post=400"},{"taxonomy":"product_tag","embeddable":true,"href":"https:\/\/ambalaza-kartonska.com\/en\/wp-json\/wp\/v2\/product_tag?post=400"}],"curies":[{"name":"wp","href":"https:\/\/api.w.org\/{rel}","templated":true}]}}