{"id":396,"date":"2012-11-29T15:53:24","date_gmt":"2012-11-29T15:53:24","guid":{"rendered":"https:\/\/ambalaza-kartonska.com\/?product=kutija-za-deratizaciju-2k-e-170x170x80mm"},"modified":"2026-02-02T16:14:26","modified_gmt":"2026-02-02T15:14:26","slug":"kutija-za-deratizaciju-2k-e-170x170x80mm","status":"publish","type":"product","link":"https:\/\/ambalaza-kartonska.com\/en\/proizvod\/kutija-za-deratizaciju-2k-e-170x170x80mm\/","title":{"rendered":"Kutija za deratizaciju 2K\/e 170x170x80mm"},"content":{"rendered":"<p>Kutija za deratizaciju 2K\/e 170x170x80mm<\/p>\n","protected":false},"excerpt":{"rendered":"<p>Dimenzija : 170*170*80mm<br \/>\nMaterijal : sme\u0111i troslojni e val<br \/>\nPakiranje : 30 kom.<br \/>\nNa\u010din izrade : \u0161tancana ambala\u017ea<br \/>\nMogu\u0107nost tiska<br \/>\nOvo je cijena do 1000 kom.<br \/>\nVe\u0107a koli\u010dina na upit<\/p>\n","protected":false},"featured_media":395,"template":"","meta":[],"product_brand":[],"product_cat":[53],"product_tag":[609,610,608],"class_list":{"0":"post-396","1":"product","2":"type-product","3":"status-publish","4":"has-post-thumbnail","6":"product_cat-kutije-za-deratizaciju","7":"product_tag-ambalaza-za-deratizaciju","8":"product_tag-deratizacija","9":"product_tag-kutije-za-deratizaciju","11":"first","12":"outofstock","13":"taxable","14":"shipping-taxable","15":"purchasable","16":"product-type-simple"},"_links":{"self":[{"href":"https:\/\/ambalaza-kartonska.com\/en\/wp-json\/wp\/v2\/product\/396","targetHints":{"allow":["GET"]}}],"collection":[{"href":"https:\/\/ambalaza-kartonska.com\/en\/wp-json\/wp\/v2\/product"}],"about":[{"href":"https:\/\/ambalaza-kartonska.com\/en\/wp-json\/wp\/v2\/types\/product"}],"wp:featuredmedia":[{"embeddable":true,"href":"https:\/\/ambalaza-kartonska.com\/en\/wp-json\/wp\/v2\/media\/395"}],"wp:attachment":[{"href":"https:\/\/ambalaza-kartonska.com\/en\/wp-json\/wp\/v2\/media?parent=396"}],"wp:term":[{"taxonomy":"product_brand","embeddable":true,"href":"https:\/\/ambalaza-kartonska.com\/en\/wp-json\/wp\/v2\/product_brand?post=396"},{"taxonomy":"product_cat","embeddable":true,"href":"https:\/\/ambalaza-kartonska.com\/en\/wp-json\/wp\/v2\/product_cat?post=396"},{"taxonomy":"product_tag","embeddable":true,"href":"https:\/\/ambalaza-kartonska.com\/en\/wp-json\/wp\/v2\/product_tag?post=396"}],"curies":[{"name":"wp","href":"https:\/\/api.w.org\/{rel}","templated":true}]}}