{"id":392,"date":"2011-06-20T16:43:20","date_gmt":"2011-06-20T16:43:20","guid":{"rendered":"https:\/\/ambalaza-kartonska.com\/?product=kutija-za-tri-butelje-bk-b-270-370-90mm-ulozak"},"modified":"2026-02-02T16:14:27","modified_gmt":"2026-02-02T15:14:27","slug":"kutija-za-tri-butelje-bk-b-37027090mm-3075l-ulozak","status":"publish","type":"product","link":"https:\/\/ambalaza-kartonska.com\/en\/proizvod\/kutija-za-tri-butelje-bk-b-37027090mm-3075l-ulozak\/","title":{"rendered":"Kutija za tri butelje BK\/b 370*270*90mm 3*0,75l + ulo\u017eak"},"content":{"rendered":"<p>Kutija za tri butelje BK\/b\u00a0 370*270*90mm + ulo\u017eak<\/p>\n","protected":false},"excerpt":{"rendered":"<p>Dimenzija : 370*270*90mm + ulo\u017eak<br \/>\nMaterijal : bijeli b-val<br \/>\nPakiranje : 30 kom.<br \/>\nNa\u010din izrade : \u0161tancana ambala\u017ea<br \/>\nMogu\u0107nost tiska<br \/>\nMogu\u0107nost ka\u0161iranja<\/p>\n","protected":false},"featured_media":390,"template":"","meta":[],"product_brand":[],"product_cat":[40],"product_tag":[69,617,613,79,168,615,614,74,160,68,65,164,73,616],"class_list":{"0":"post-392","1":"product","2":"type-product","3":"status-publish","4":"has-post-thumbnail","6":"product_cat-kutija-za-3-boce-ili-butelje","7":"product_tag-ambalaza","8":"product_tag-butelje","9":"product_tag-e-commerce-kutije","10":"product_tag-kartonske-kutije","11":"product_tag-kasirana-kutija","12":"product_tag-kutija-za-butelje","13":"product_tag-kutije-za-slanje","14":"product_tag-kutije-za-vino","15":"product_tag-poklon-ambalaza","16":"product_tag-poklon-kutija","17":"product_tag-poklon-kutije","18":"product_tag-sloziva-kutija","19":"product_tag-slozive-kutije","20":"product_tag-vino","22":"first","23":"outofstock","24":"taxable","25":"shipping-taxable","26":"purchasable","27":"product-type-simple"},"_links":{"self":[{"href":"https:\/\/ambalaza-kartonska.com\/en\/wp-json\/wp\/v2\/product\/392","targetHints":{"allow":["GET"]}}],"collection":[{"href":"https:\/\/ambalaza-kartonska.com\/en\/wp-json\/wp\/v2\/product"}],"about":[{"href":"https:\/\/ambalaza-kartonska.com\/en\/wp-json\/wp\/v2\/types\/product"}],"wp:featuredmedia":[{"embeddable":true,"href":"https:\/\/ambalaza-kartonska.com\/en\/wp-json\/wp\/v2\/media\/390"}],"wp:attachment":[{"href":"https:\/\/ambalaza-kartonska.com\/en\/wp-json\/wp\/v2\/media?parent=392"}],"wp:term":[{"taxonomy":"product_brand","embeddable":true,"href":"https:\/\/ambalaza-kartonska.com\/en\/wp-json\/wp\/v2\/product_brand?post=392"},{"taxonomy":"product_cat","embeddable":true,"href":"https:\/\/ambalaza-kartonska.com\/en\/wp-json\/wp\/v2\/product_cat?post=392"},{"taxonomy":"product_tag","embeddable":true,"href":"https:\/\/ambalaza-kartonska.com\/en\/wp-json\/wp\/v2\/product_tag?post=392"}],"curies":[{"name":"wp","href":"https:\/\/api.w.org\/{rel}","templated":true}]}}