{"id":39,"date":"2010-12-04T21:00:59","date_gmt":"2010-12-04T21:00:59","guid":{"rendered":"https:\/\/ambalaza-kartonska.com\/?product=kutija-za-krafne-ili-kolace-480-400-85mm-4kg"},"modified":"2026-02-22T16:38:56","modified_gmt":"2026-02-22T15:38:56","slug":"kutija-za-krafne-ili-kolace-480-400-85mm-4kg","status":"publish","type":"product","link":"https:\/\/ambalaza-kartonska.com\/en\/proizvod\/kutija-za-krafne-ili-kolace-480-400-85mm-4kg\/","title":{"rendered":"Kutija za krafne ili kola\u010de BK\/b 480*400*85mm &#8211; 4kg"},"content":{"rendered":"<p>Kutija za krafne ili kola\u010de BK\/b 480*400*85mm &#8211; 4kg<\/p>\n<p>Kutija slu\u017ei samo za transport nije za direktan kontakt sa hranom!<\/p>\n","protected":false},"excerpt":{"rendered":"<p>Dimenzija : 480*400*85mm<br \/>\nMaterijal : troslojni bijeli b-val<br \/>\nPakiranje : 50 kom.<br \/>\nNa\u010din izrade : \u0161tancana ambala\u017ea<br \/>\nMogu\u0107nost dotiska loga<br \/>\nMogu\u0107nost ka\u0161iranja<\/p>\n","protected":false},"featured_media":37,"template":"","meta":[],"product_brand":[],"product_cat":[28],"product_tag":[186,187],"class_list":{"0":"post-39","1":"product","2":"type-product","3":"status-publish","4":"has-post-thumbnail","6":"product_cat-kutije-torte-i-kolace","7":"product_tag-kutija-za-kolace","8":"product_tag-kutija-za-krafne","10":"first","11":"instock","12":"taxable","13":"shipping-taxable","14":"purchasable","15":"product-type-simple"},"_links":{"self":[{"href":"https:\/\/ambalaza-kartonska.com\/en\/wp-json\/wp\/v2\/product\/39","targetHints":{"allow":["GET"]}}],"collection":[{"href":"https:\/\/ambalaza-kartonska.com\/en\/wp-json\/wp\/v2\/product"}],"about":[{"href":"https:\/\/ambalaza-kartonska.com\/en\/wp-json\/wp\/v2\/types\/product"}],"wp:featuredmedia":[{"embeddable":true,"href":"https:\/\/ambalaza-kartonska.com\/en\/wp-json\/wp\/v2\/media\/37"}],"wp:attachment":[{"href":"https:\/\/ambalaza-kartonska.com\/en\/wp-json\/wp\/v2\/media?parent=39"}],"wp:term":[{"taxonomy":"product_brand","embeddable":true,"href":"https:\/\/ambalaza-kartonska.com\/en\/wp-json\/wp\/v2\/product_brand?post=39"},{"taxonomy":"product_cat","embeddable":true,"href":"https:\/\/ambalaza-kartonska.com\/en\/wp-json\/wp\/v2\/product_cat?post=39"},{"taxonomy":"product_tag","embeddable":true,"href":"https:\/\/ambalaza-kartonska.com\/en\/wp-json\/wp\/v2\/product_tag?post=39"}],"curies":[{"name":"wp","href":"https:\/\/api.w.org\/{rel}","templated":true}]}}