{"id":389,"date":"2011-06-20T16:40:19","date_gmt":"2011-06-20T16:40:19","guid":{"rendered":"https:\/\/ambalaza-kartonska.com\/?product=kutija-za-tri-butelje-2k-b-270-370-90mm-ulozak"},"modified":"2026-02-02T16:14:27","modified_gmt":"2026-02-02T15:14:27","slug":"kutija-za-tri-butelje-2k-b-37027090mm-3075l-ulozak","status":"publish","type":"product","link":"https:\/\/ambalaza-kartonska.com\/en\/proizvod\/kutija-za-tri-butelje-2k-b-37027090mm-3075l-ulozak\/","title":{"rendered":"Kutija za tri butelje 2K\/b 370*270*90mm 3*0,75l + ulo\u017eak"},"content":{"rendered":"<p>Kutija za tri butelje 2K\/b 370*270*90mm + ulo\u017eak<\/p>\n","protected":false},"excerpt":{"rendered":"<p>Dimenzija : 270*370*90mm<br \/>\nMaterijal : sme\u0111i b-val<br \/>\nPakiranje : 30 kom.<br \/>\nNa\u010din izrade : \u0161tancana ambala\u017ea<br \/>\nMogu\u010dnost tiska<br \/>\nMogu\u010dnost ka\u0161iranja<\/p>\n","protected":false},"featured_media":387,"template":"","meta":[],"product_brand":[],"product_cat":[40],"product_tag":[165,76,172,171],"class_list":{"0":"post-389","1":"product","2":"type-product","3":"status-publish","4":"has-post-thumbnail","6":"product_cat-kutija-za-3-boce-ili-butelje","7":"product_tag-kartonska-kutija","8":"product_tag-kutija-za-boce","9":"product_tag-kutija-za-boce-vina","10":"product_tag-kutija-za-tri-butelje","12":"first","13":"outofstock","14":"taxable","15":"shipping-taxable","16":"purchasable","17":"product-type-simple"},"_links":{"self":[{"href":"https:\/\/ambalaza-kartonska.com\/en\/wp-json\/wp\/v2\/product\/389","targetHints":{"allow":["GET"]}}],"collection":[{"href":"https:\/\/ambalaza-kartonska.com\/en\/wp-json\/wp\/v2\/product"}],"about":[{"href":"https:\/\/ambalaza-kartonska.com\/en\/wp-json\/wp\/v2\/types\/product"}],"wp:featuredmedia":[{"embeddable":true,"href":"https:\/\/ambalaza-kartonska.com\/en\/wp-json\/wp\/v2\/media\/387"}],"wp:attachment":[{"href":"https:\/\/ambalaza-kartonska.com\/en\/wp-json\/wp\/v2\/media?parent=389"}],"wp:term":[{"taxonomy":"product_brand","embeddable":true,"href":"https:\/\/ambalaza-kartonska.com\/en\/wp-json\/wp\/v2\/product_brand?post=389"},{"taxonomy":"product_cat","embeddable":true,"href":"https:\/\/ambalaza-kartonska.com\/en\/wp-json\/wp\/v2\/product_cat?post=389"},{"taxonomy":"product_tag","embeddable":true,"href":"https:\/\/ambalaza-kartonska.com\/en\/wp-json\/wp\/v2\/product_tag?post=389"}],"curies":[{"name":"wp","href":"https:\/\/api.w.org\/{rel}","templated":true}]}}