{"id":386,"date":"2011-06-20T16:23:18","date_gmt":"2011-06-20T16:23:18","guid":{"rendered":"https:\/\/ambalaza-kartonska.com\/?product=kutija-za-dvije-butelje-kk-e-160x80x370mm"},"modified":"2026-02-02T16:14:27","modified_gmt":"2026-02-02T15:14:27","slug":"kutija-za-dvije-butelje-kk-e-160x80x370mm","status":"publish","type":"product","link":"https:\/\/ambalaza-kartonska.com\/en\/proizvod\/kutija-za-dvije-butelje-kk-e-160x80x370mm\/","title":{"rendered":"Kutija za dvije butelje KV\/GE 160*80*370mm"},"content":{"rendered":"<p>Kutija za dvije butelje KV\/GE 160x80x370mm<\/p>\n","protected":false},"excerpt":{"rendered":"<p>Dimenzija : 160*80*370mm<br \/>\nMaterijal : \u010detveroslojni e+g val obostrani kraft<br \/>\nPakiranje : 50 kom.<br \/>\nNa\u010din izrade : \u0161tancana ambala\u017ea<br \/>\nMogu\u0107nost slijepog tiska<\/p>\n","protected":false},"featured_media":385,"template":"","meta":[],"product_brand":[],"product_cat":[37],"product_tag":[72,75,74],"class_list":{"0":"post-386","1":"product","2":"type-product","3":"status-publish","4":"has-post-thumbnail","6":"product_cat-kutija-za-2-boce-ili-butelje","7":"product_tag-ambalaza-za-vino","8":"product_tag-kutije-za-butelje","9":"product_tag-kutije-za-vino","11":"first","12":"outofstock","13":"taxable","14":"shipping-taxable","15":"purchasable","16":"product-type-simple"},"_links":{"self":[{"href":"https:\/\/ambalaza-kartonska.com\/en\/wp-json\/wp\/v2\/product\/386","targetHints":{"allow":["GET"]}}],"collection":[{"href":"https:\/\/ambalaza-kartonska.com\/en\/wp-json\/wp\/v2\/product"}],"about":[{"href":"https:\/\/ambalaza-kartonska.com\/en\/wp-json\/wp\/v2\/types\/product"}],"wp:featuredmedia":[{"embeddable":true,"href":"https:\/\/ambalaza-kartonska.com\/en\/wp-json\/wp\/v2\/media\/385"}],"wp:attachment":[{"href":"https:\/\/ambalaza-kartonska.com\/en\/wp-json\/wp\/v2\/media?parent=386"}],"wp:term":[{"taxonomy":"product_brand","embeddable":true,"href":"https:\/\/ambalaza-kartonska.com\/en\/wp-json\/wp\/v2\/product_brand?post=386"},{"taxonomy":"product_cat","embeddable":true,"href":"https:\/\/ambalaza-kartonska.com\/en\/wp-json\/wp\/v2\/product_cat?post=386"},{"taxonomy":"product_tag","embeddable":true,"href":"https:\/\/ambalaza-kartonska.com\/en\/wp-json\/wp\/v2\/product_tag?post=386"}],"curies":[{"name":"wp","href":"https:\/\/api.w.org\/{rel}","templated":true}]}}