{"id":378,"date":"2011-06-20T16:05:26","date_gmt":"2011-06-20T16:05:26","guid":{"rendered":"https:\/\/ambalaza-kartonska.com\/?product=kutija-za-jednu-butelju-bk-e-360-100-80mm-ulozak"},"modified":"2026-02-02T16:14:27","modified_gmt":"2026-02-02T15:14:27","slug":"kutija-za-jednu-butelju-bk-e-360-100-80mm-ulozak","status":"publish","type":"product","link":"https:\/\/ambalaza-kartonska.com\/en\/proizvod\/kutija-za-jednu-butelju-bk-e-360-100-80mm-ulozak\/","title":{"rendered":"Kutija za jednu butelju BK\/e 360*100*80mm + ulo\u017eak"},"content":{"rendered":"<p>Kutija za jednu butelju BK\/e 360*100*80mm + ulo\u017eak<\/p>\n","protected":false},"excerpt":{"rendered":"<p>Dimenzija : 360*100*80mm<br \/>\nMaterijal : troslojni bijeli e-val<br \/>\nPakiranje : 50 kom.<br \/>\nNa\u010din izrade : \u0161tancana ambala\u017ea<br \/>\nMogu\u0107nost tiska<br \/>\nMogu\u0107nost ka\u0161iranja<\/p>\n","protected":false},"featured_media":376,"template":"","meta":[],"product_brand":[],"product_cat":[36],"product_tag":[69,72,79,76,62,66,70,71,75,74,68],"class_list":{"0":"post-378","1":"product","2":"type-product","3":"status-publish","4":"has-post-thumbnail","6":"product_cat-kutija-za-jednu-bocu","7":"product_tag-ambalaza","8":"product_tag-ambalaza-za-vino","9":"product_tag-kartonske-kutije","10":"product_tag-kutija-za-boce","11":"product_tag-kutija-za-pivo","12":"product_tag-kutije","13":"product_tag-kutije-za-boce","14":"product_tag-kutije-za-bocice","15":"product_tag-kutije-za-butelje","16":"product_tag-kutije-za-vino","17":"product_tag-poklon-kutija","19":"first","20":"outofstock","21":"taxable","22":"shipping-taxable","23":"purchasable","24":"product-type-simple"},"_links":{"self":[{"href":"https:\/\/ambalaza-kartonska.com\/en\/wp-json\/wp\/v2\/product\/378","targetHints":{"allow":["GET"]}}],"collection":[{"href":"https:\/\/ambalaza-kartonska.com\/en\/wp-json\/wp\/v2\/product"}],"about":[{"href":"https:\/\/ambalaza-kartonska.com\/en\/wp-json\/wp\/v2\/types\/product"}],"wp:featuredmedia":[{"embeddable":true,"href":"https:\/\/ambalaza-kartonska.com\/en\/wp-json\/wp\/v2\/media\/376"}],"wp:attachment":[{"href":"https:\/\/ambalaza-kartonska.com\/en\/wp-json\/wp\/v2\/media?parent=378"}],"wp:term":[{"taxonomy":"product_brand","embeddable":true,"href":"https:\/\/ambalaza-kartonska.com\/en\/wp-json\/wp\/v2\/product_brand?post=378"},{"taxonomy":"product_cat","embeddable":true,"href":"https:\/\/ambalaza-kartonska.com\/en\/wp-json\/wp\/v2\/product_cat?post=378"},{"taxonomy":"product_tag","embeddable":true,"href":"https:\/\/ambalaza-kartonska.com\/en\/wp-json\/wp\/v2\/product_tag?post=378"}],"curies":[{"name":"wp","href":"https:\/\/api.w.org\/{rel}","templated":true}]}}