{"id":375,"date":"2011-06-20T16:00:59","date_gmt":"2011-06-20T16:00:59","guid":{"rendered":"https:\/\/ambalaza-kartonska.com\/?product=kutija-za-jednu-butelju-kk-e-80x80x350mm"},"modified":"2026-02-02T16:14:27","modified_gmt":"2026-02-02T15:14:27","slug":"kutija-za-jednu-butelju-kv-ge-8080350mm-rebrasta","status":"publish","type":"product","link":"https:\/\/ambalaza-kartonska.com\/en\/proizvod\/kutija-za-jednu-butelju-kv-ge-8080350mm-rebrasta\/","title":{"rendered":"Kutija za jednu butelju KV\/GE 80*80*350mm -rebrasta"},"content":{"rendered":"<p>Kutija za jednu butelju KV\/GE 80x80x350mm<\/p>\n","protected":false},"excerpt":{"rendered":"<p>Dimenzija : 80*80*350mm<br \/>\nMaterijal : \u010detveroslojni e+g val &#8211; obostrani kraft<br \/>\nPakiranje : 50 kom.<br \/>\nNa\u010din izrade : \u0161tancana ambala\u017ea<br \/>\nMogu\u0107nost tiska<\/p>\n","protected":false},"featured_media":374,"template":"","meta":[],"product_brand":[],"product_cat":[36],"product_tag":[69,72,67,62,70,71,75,74,68,65,73],"class_list":{"0":"post-375","1":"product","2":"type-product","3":"status-publish","4":"has-post-thumbnail","6":"product_cat-kutija-za-jednu-bocu","7":"product_tag-ambalaza","8":"product_tag-ambalaza-za-vino","9":"product_tag-kutija","10":"product_tag-kutija-za-pivo","11":"product_tag-kutije-za-boce","12":"product_tag-kutije-za-bocice","13":"product_tag-kutije-za-butelje","14":"product_tag-kutije-za-vino","15":"product_tag-poklon-kutija","16":"product_tag-poklon-kutije","17":"product_tag-slozive-kutije","19":"first","20":"instock","21":"taxable","22":"shipping-taxable","23":"purchasable","24":"product-type-simple"},"_links":{"self":[{"href":"https:\/\/ambalaza-kartonska.com\/en\/wp-json\/wp\/v2\/product\/375","targetHints":{"allow":["GET"]}}],"collection":[{"href":"https:\/\/ambalaza-kartonska.com\/en\/wp-json\/wp\/v2\/product"}],"about":[{"href":"https:\/\/ambalaza-kartonska.com\/en\/wp-json\/wp\/v2\/types\/product"}],"wp:featuredmedia":[{"embeddable":true,"href":"https:\/\/ambalaza-kartonska.com\/en\/wp-json\/wp\/v2\/media\/374"}],"wp:attachment":[{"href":"https:\/\/ambalaza-kartonska.com\/en\/wp-json\/wp\/v2\/media?parent=375"}],"wp:term":[{"taxonomy":"product_brand","embeddable":true,"href":"https:\/\/ambalaza-kartonska.com\/en\/wp-json\/wp\/v2\/product_brand?post=375"},{"taxonomy":"product_cat","embeddable":true,"href":"https:\/\/ambalaza-kartonska.com\/en\/wp-json\/wp\/v2\/product_cat?post=375"},{"taxonomy":"product_tag","embeddable":true,"href":"https:\/\/ambalaza-kartonska.com\/en\/wp-json\/wp\/v2\/product_tag?post=375"}],"curies":[{"name":"wp","href":"https:\/\/api.w.org\/{rel}","templated":true}]}}