{"id":3716,"date":"2020-05-05T11:52:03","date_gmt":"2020-05-05T10:52:03","guid":{"rendered":"https:\/\/ambalaza-kartonska.com\/?post_type=product&#038;p=3716"},"modified":"2026-04-08T11:43:04","modified_gmt":"2026-04-08T09:43:04","slug":"stancana-kutija-bk-e-19019070mm","status":"publish","type":"product","link":"https:\/\/ambalaza-kartonska.com\/en\/proizvod\/stancana-kutija-bk-e-19019070mm\/","title":{"rendered":"\u0160tancana kutija BK\/E 190*190*70mm"},"content":{"rendered":"<p>\u0160tancana kutija BK\/E 190*190*70mm<\/p>\n<p>&nbsp;<\/p>\n","protected":false},"excerpt":{"rendered":"<p>Dimenzija : BK\/e 190*190*70mm<br \/>\nPakiranje : 25 kom.<br \/>\nNa\u010din izrade : \u0161tancana ambala\u017ea<\/p>\n<p>Materijal : troslojni E val bijelo\/bijeli<br \/>\nMogu\u0107nost tiska<br \/>\nMogu\u0107nost ka\u0161iranja &#8211; vi\u0161ebojni tisak<\/p>\n","protected":false},"featured_media":3713,"template":"","meta":[],"product_brand":[],"product_cat":[591,47],"product_tag":[69,87,63,79,83,62,70,86,85,84,82,81],"class_list":{"0":"post-3716","1":"product","2":"type-product","3":"status-publish","4":"has-post-thumbnail","6":"product_cat-izdvojeno","7":"product_cat-slozive-kutije-mailer-boxes-web-shop-friendly","8":"product_tag-ambalaza","9":"product_tag-ambalaza-za-pivo","10":"product_tag-craft-pivo","11":"product_tag-kartonske-kutije","12":"product_tag-kraft-pivo","13":"product_tag-kutija-za-pivo","14":"product_tag-kutije-za-boce","15":"product_tag-kutije-za-craft-pivo","16":"product_tag-kutije-za-pive","17":"product_tag-kutije-za-pivo","18":"product_tag-piva","19":"product_tag-pivo","21":"first","22":"instock","23":"featured","24":"taxable","25":"shipping-taxable","26":"purchasable","27":"product-type-simple"},"_links":{"self":[{"href":"https:\/\/ambalaza-kartonska.com\/en\/wp-json\/wp\/v2\/product\/3716","targetHints":{"allow":["GET"]}}],"collection":[{"href":"https:\/\/ambalaza-kartonska.com\/en\/wp-json\/wp\/v2\/product"}],"about":[{"href":"https:\/\/ambalaza-kartonska.com\/en\/wp-json\/wp\/v2\/types\/product"}],"wp:featuredmedia":[{"embeddable":true,"href":"https:\/\/ambalaza-kartonska.com\/en\/wp-json\/wp\/v2\/media\/3713"}],"wp:attachment":[{"href":"https:\/\/ambalaza-kartonska.com\/en\/wp-json\/wp\/v2\/media?parent=3716"}],"wp:term":[{"taxonomy":"product_brand","embeddable":true,"href":"https:\/\/ambalaza-kartonska.com\/en\/wp-json\/wp\/v2\/product_brand?post=3716"},{"taxonomy":"product_cat","embeddable":true,"href":"https:\/\/ambalaza-kartonska.com\/en\/wp-json\/wp\/v2\/product_cat?post=3716"},{"taxonomy":"product_tag","embeddable":true,"href":"https:\/\/ambalaza-kartonska.com\/en\/wp-json\/wp\/v2\/product_tag?post=3716"}],"curies":[{"name":"wp","href":"https:\/\/api.w.org\/{rel}","templated":true}]}}