{"id":371,"date":"2011-06-20T15:42:28","date_gmt":"2011-06-20T15:42:28","guid":{"rendered":"https:\/\/ambalaza-kartonska.com\/?product=kutija-jednu-bocu-0-5l-kk-e-65x65x360mm"},"modified":"2026-02-02T16:14:28","modified_gmt":"2026-02-02T15:14:28","slug":"kutija-jednu-bocu-0-5l-kk-e-65x65x360mm","status":"publish","type":"product","link":"https:\/\/ambalaza-kartonska.com\/en\/proizvod\/kutija-jednu-bocu-0-5l-kk-e-65x65x360mm\/","title":{"rendered":"Kutija jednu bocu 0,5l KV\/GE 65*65*360mm"},"content":{"rendered":"<p>Kutija jednu bocu 0,5l KV\/GE 65*65*360mm<\/p>\n","protected":false},"excerpt":{"rendered":"<p>Dimenzija : 65*65*360mm<br \/>\nMaterijal : \u010detveroslojni e+g val<br \/>\nPakiranje : 50 kom.<br \/>\nNa\u010din izrade : \u0161tancana ambala\u017ea<br \/>\nMogu\u0107nost tisak<\/p>\n","protected":false},"featured_media":370,"template":"","meta":[],"product_brand":[],"product_cat":[35],"product_tag":[69,72,67,70,71,75,74,68,65],"class_list":{"0":"post-371","1":"product","2":"type-product","3":"status-publish","4":"has-post-thumbnail","6":"product_cat-kutije-za-1-0-5l","7":"product_tag-ambalaza","8":"product_tag-ambalaza-za-vino","9":"product_tag-kutija","10":"product_tag-kutije-za-boce","11":"product_tag-kutije-za-bocice","12":"product_tag-kutije-za-butelje","13":"product_tag-kutije-za-vino","14":"product_tag-poklon-kutija","15":"product_tag-poklon-kutije","17":"first","18":"instock","19":"taxable","20":"shipping-taxable","21":"purchasable","22":"product-type-simple"},"_links":{"self":[{"href":"https:\/\/ambalaza-kartonska.com\/en\/wp-json\/wp\/v2\/product\/371","targetHints":{"allow":["GET"]}}],"collection":[{"href":"https:\/\/ambalaza-kartonska.com\/en\/wp-json\/wp\/v2\/product"}],"about":[{"href":"https:\/\/ambalaza-kartonska.com\/en\/wp-json\/wp\/v2\/types\/product"}],"wp:featuredmedia":[{"embeddable":true,"href":"https:\/\/ambalaza-kartonska.com\/en\/wp-json\/wp\/v2\/media\/370"}],"wp:attachment":[{"href":"https:\/\/ambalaza-kartonska.com\/en\/wp-json\/wp\/v2\/media?parent=371"}],"wp:term":[{"taxonomy":"product_brand","embeddable":true,"href":"https:\/\/ambalaza-kartonska.com\/en\/wp-json\/wp\/v2\/product_brand?post=371"},{"taxonomy":"product_cat","embeddable":true,"href":"https:\/\/ambalaza-kartonska.com\/en\/wp-json\/wp\/v2\/product_cat?post=371"},{"taxonomy":"product_tag","embeddable":true,"href":"https:\/\/ambalaza-kartonska.com\/en\/wp-json\/wp\/v2\/product_tag?post=371"}],"curies":[{"name":"wp","href":"https:\/\/api.w.org\/{rel}","templated":true}]}}