{"id":369,"date":"2011-06-20T15:40:39","date_gmt":"2011-06-20T15:40:39","guid":{"rendered":"https:\/\/ambalaza-kartonska.com\/?product=kutija-jednu-bocu-0-5l-bk-e-65-65-360mm"},"modified":"2026-02-02T16:14:28","modified_gmt":"2026-02-02T15:14:28","slug":"kutija-za-jednu-bocu-0-5l-bk-e-65-65-360mm","status":"publish","type":"product","link":"https:\/\/ambalaza-kartonska.com\/en\/proizvod\/kutija-za-jednu-bocu-0-5l-bk-e-65-65-360mm\/","title":{"rendered":"Kutija za jednu bocu 0,5l BK\/e 65*65*360mm"},"content":{"rendered":"<p>Kutija jednu bocu 0,5l BK\/e 65*65*360mm<\/p>\n","protected":false},"excerpt":{"rendered":"<p>Dimenzija : 65*65*360mm<br \/>\nMaterijal : bijeli e-val<br \/>\nPakiranje : 50 kom.<br \/>\nNa\u010din izrade : \u0161tancana ambala\u017ea<br \/>\nMogu\u010dnost tisak<br \/>\nMogu\u010dnost ka\u0161iranja<\/p>\n","protected":false},"featured_media":368,"template":"","meta":[],"product_brand":[],"product_cat":[35],"product_tag":[69,72,79,76,62,70,71,75,77,80,74,68,65],"class_list":{"0":"post-369","1":"product","2":"type-product","3":"status-publish","4":"has-post-thumbnail","6":"product_cat-kutije-za-1-0-5l","7":"product_tag-ambalaza","8":"product_tag-ambalaza-za-vino","9":"product_tag-kartonske-kutije","10":"product_tag-kutija-za-boce","11":"product_tag-kutija-za-pivo","12":"product_tag-kutije-za-boce","13":"product_tag-kutije-za-bocice","14":"product_tag-kutije-za-butelje","15":"product_tag-kutije-za-cd","16":"product_tag-kutije-za-kolace","17":"product_tag-kutije-za-vino","18":"product_tag-poklon-kutija","19":"product_tag-poklon-kutije","21":"first","22":"instock","23":"taxable","24":"shipping-taxable","25":"purchasable","26":"product-type-simple"},"_links":{"self":[{"href":"https:\/\/ambalaza-kartonska.com\/en\/wp-json\/wp\/v2\/product\/369","targetHints":{"allow":["GET"]}}],"collection":[{"href":"https:\/\/ambalaza-kartonska.com\/en\/wp-json\/wp\/v2\/product"}],"about":[{"href":"https:\/\/ambalaza-kartonska.com\/en\/wp-json\/wp\/v2\/types\/product"}],"wp:featuredmedia":[{"embeddable":true,"href":"https:\/\/ambalaza-kartonska.com\/en\/wp-json\/wp\/v2\/media\/368"}],"wp:attachment":[{"href":"https:\/\/ambalaza-kartonska.com\/en\/wp-json\/wp\/v2\/media?parent=369"}],"wp:term":[{"taxonomy":"product_brand","embeddable":true,"href":"https:\/\/ambalaza-kartonska.com\/en\/wp-json\/wp\/v2\/product_brand?post=369"},{"taxonomy":"product_cat","embeddable":true,"href":"https:\/\/ambalaza-kartonska.com\/en\/wp-json\/wp\/v2\/product_cat?post=369"},{"taxonomy":"product_tag","embeddable":true,"href":"https:\/\/ambalaza-kartonska.com\/en\/wp-json\/wp\/v2\/product_tag?post=369"}],"curies":[{"name":"wp","href":"https:\/\/api.w.org\/{rel}","templated":true}]}}