{"id":3612,"date":"2020-03-30T13:46:30","date_gmt":"2020-03-30T12:46:30","guid":{"rendered":"https:\/\/ambalaza-kartonska.com\/?post_type=product&#038;p=3612"},"modified":"2026-02-19T20:20:46","modified_gmt":"2026-02-19T19:20:46","slug":"stancana-kutija-k2k-e-35014575mm-2075l","status":"publish","type":"product","link":"https:\/\/ambalaza-kartonska.com\/en\/proizvod\/stancana-kutija-k2k-e-35014575mm-2075l\/","title":{"rendered":"\u0160tancana kutija K2K\/E 350*145*75mm 2*0,75l"},"content":{"rendered":"<p>&nbsp;<\/p>\n<p>&nbsp;<\/p>\n","protected":false},"excerpt":{"rendered":"<p>Dimenzija : 345*145*75mm 2*0,75l<\/p>\n<p>Promjer boce : 75<br \/>\nVisina boce : 350<br \/>\nMaterijal : e val ( kraft )<br \/>\nNa\u010din izrade : \u0161tancana ambala\u017ea<br \/>\nMogu\u0107nost tiska<br \/>\nMogu\u0107nost ka\u0161iranja<\/p>\n<p>&nbsp;<\/p>\n","protected":false},"featured_media":3613,"template":"","meta":[],"product_brand":[],"product_cat":[37,47],"product_tag":[69,87,63,79,83,62,70,75,86,162,85,84,74,82,81,65],"class_list":{"0":"post-3612","1":"product","2":"type-product","3":"status-publish","4":"has-post-thumbnail","6":"product_cat-kutija-za-2-boce-ili-butelje","7":"product_cat-slozive-kutije-mailer-boxes-web-shop-friendly","8":"product_tag-ambalaza","9":"product_tag-ambalaza-za-pivo","10":"product_tag-craft-pivo","11":"product_tag-kartonske-kutije","12":"product_tag-kraft-pivo","13":"product_tag-kutija-za-pivo","14":"product_tag-kutije-za-boce","15":"product_tag-kutije-za-butelje","16":"product_tag-kutije-za-craft-pivo","17":"product_tag-kutije-za-maslinovo-ulje","18":"product_tag-kutije-za-pive","19":"product_tag-kutije-za-pivo","20":"product_tag-kutije-za-vino","21":"product_tag-piva","22":"product_tag-pivo","23":"product_tag-poklon-kutije","25":"first","26":"instock","27":"featured","28":"taxable","29":"shipping-taxable","30":"purchasable","31":"product-type-simple"},"_links":{"self":[{"href":"https:\/\/ambalaza-kartonska.com\/en\/wp-json\/wp\/v2\/product\/3612","targetHints":{"allow":["GET"]}}],"collection":[{"href":"https:\/\/ambalaza-kartonska.com\/en\/wp-json\/wp\/v2\/product"}],"about":[{"href":"https:\/\/ambalaza-kartonska.com\/en\/wp-json\/wp\/v2\/types\/product"}],"wp:featuredmedia":[{"embeddable":true,"href":"https:\/\/ambalaza-kartonska.com\/en\/wp-json\/wp\/v2\/media\/3613"}],"wp:attachment":[{"href":"https:\/\/ambalaza-kartonska.com\/en\/wp-json\/wp\/v2\/media?parent=3612"}],"wp:term":[{"taxonomy":"product_brand","embeddable":true,"href":"https:\/\/ambalaza-kartonska.com\/en\/wp-json\/wp\/v2\/product_brand?post=3612"},{"taxonomy":"product_cat","embeddable":true,"href":"https:\/\/ambalaza-kartonska.com\/en\/wp-json\/wp\/v2\/product_cat?post=3612"},{"taxonomy":"product_tag","embeddable":true,"href":"https:\/\/ambalaza-kartonska.com\/en\/wp-json\/wp\/v2\/product_tag?post=3612"}],"curies":[{"name":"wp","href":"https:\/\/api.w.org\/{rel}","templated":true}]}}