{"id":3601,"date":"2020-03-30T12:10:40","date_gmt":"2020-03-30T11:10:40","guid":{"rendered":"https:\/\/ambalaza-kartonska.com\/?post_type=product&#038;p=3601"},"modified":"2026-02-02T16:14:13","modified_gmt":"2026-02-02T15:14:13","slug":"stancana-kutija-k2k-e-4141250mm-105l","status":"publish","type":"product","link":"https:\/\/ambalaza-kartonska.com\/en\/proizvod\/stancana-kutija-k2k-e-4141250mm-105l\/","title":{"rendered":"\u0160tancana kutija K2K\/E 41*41*250mm 1*0,5l"},"content":{"rendered":"<p>&nbsp;<\/p>\n<p>&nbsp;<\/p>\n","protected":false},"excerpt":{"rendered":"<p>Dimenzija : 41*41*250mm 1*0,5l MASLINOVO ULJE<\/p>\n<p>Promjer boce : 41<br \/>\nVisina boce : 238mm + \u010dep 10 mm ukupno : 250mm<br \/>\nMaterijal : sme\u0111i e val ( kraft )<br \/>\nNa\u010din izrade : \u0161tancana ambala\u017ea<br \/>\nMogu\u0107nost tiska<br \/>\nMogu\u0107nost ka\u0161iranja<\/p>\n<p>&nbsp;<\/p>\n","protected":false},"featured_media":3602,"template":"","meta":[],"product_brand":[],"product_cat":[159],"product_tag":[69,87,63,79,83,62,70,75,86,162,85,84,74,82,81,65],"class_list":{"0":"post-3601","1":"product","2":"type-product","3":"status-publish","4":"has-post-thumbnail","6":"product_cat-kutije-za-ulja","7":"product_tag-ambalaza","8":"product_tag-ambalaza-za-pivo","9":"product_tag-craft-pivo","10":"product_tag-kartonske-kutije","11":"product_tag-kraft-pivo","12":"product_tag-kutija-za-pivo","13":"product_tag-kutije-za-boce","14":"product_tag-kutije-za-butelje","15":"product_tag-kutije-za-craft-pivo","16":"product_tag-kutije-za-maslinovo-ulje","17":"product_tag-kutije-za-pive","18":"product_tag-kutije-za-pivo","19":"product_tag-kutije-za-vino","20":"product_tag-piva","21":"product_tag-pivo","22":"product_tag-poklon-kutije","24":"first","25":"instock","26":"featured","27":"taxable","28":"shipping-taxable","29":"purchasable","30":"product-type-simple"},"_links":{"self":[{"href":"https:\/\/ambalaza-kartonska.com\/en\/wp-json\/wp\/v2\/product\/3601","targetHints":{"allow":["GET"]}}],"collection":[{"href":"https:\/\/ambalaza-kartonska.com\/en\/wp-json\/wp\/v2\/product"}],"about":[{"href":"https:\/\/ambalaza-kartonska.com\/en\/wp-json\/wp\/v2\/types\/product"}],"wp:featuredmedia":[{"embeddable":true,"href":"https:\/\/ambalaza-kartonska.com\/en\/wp-json\/wp\/v2\/media\/3602"}],"wp:attachment":[{"href":"https:\/\/ambalaza-kartonska.com\/en\/wp-json\/wp\/v2\/media?parent=3601"}],"wp:term":[{"taxonomy":"product_brand","embeddable":true,"href":"https:\/\/ambalaza-kartonska.com\/en\/wp-json\/wp\/v2\/product_brand?post=3601"},{"taxonomy":"product_cat","embeddable":true,"href":"https:\/\/ambalaza-kartonska.com\/en\/wp-json\/wp\/v2\/product_cat?post=3601"},{"taxonomy":"product_tag","embeddable":true,"href":"https:\/\/ambalaza-kartonska.com\/en\/wp-json\/wp\/v2\/product_tag?post=3601"}],"curies":[{"name":"wp","href":"https:\/\/api.w.org\/{rel}","templated":true}]}}