{"id":36,"date":"2010-12-04T20:10:54","date_gmt":"2010-12-04T20:10:54","guid":{"rendered":"https:\/\/ambalaza-kartonska.com\/?product=kutija-za-jednu-bocu-bk-e-1-0-375l-sloziva"},"modified":"2026-02-02T16:14:41","modified_gmt":"2026-02-02T15:14:41","slug":"kutija-za-jednu-bocu-bk-e-1-0-375l-sloziva","status":"publish","type":"product","link":"https:\/\/ambalaza-kartonska.com\/en\/proizvod\/kutija-za-jednu-bocu-bk-e-1-0-375l-sloziva\/","title":{"rendered":"Kutija za jednu bocu 0,375l BK\/e 335x65x55mm slo\u017eiva"},"content":{"rendered":"<p>Kutija za jednu bocu 0,375l BK\/e 335x65x55mm slo\u017eiva<\/p>\n","protected":false},"excerpt":{"rendered":"<p>Dimenzija : 335x65x55mm<br \/>\nMaterijal : troslojni bijeli e-val<br \/>\nPakiranje : 50 kom.<br \/>\nNa\u010din izrade : \u0161tancana ambala\u017ea<br \/>\nMogu\u0107nost dotiska loga<br \/>\nMogu\u0107nost ka\u0161iranja<\/p>\n","protected":false},"featured_media":34,"template":"","meta":[],"product_brand":[],"product_cat":[30],"product_tag":[],"class_list":{"0":"post-36","1":"product","2":"type-product","3":"status-publish","4":"has-post-thumbnail","6":"product_cat-kutije-za-0375l","8":"first","9":"instock","10":"taxable","11":"shipping-taxable","12":"purchasable","13":"product-type-simple"},"_links":{"self":[{"href":"https:\/\/ambalaza-kartonska.com\/en\/wp-json\/wp\/v2\/product\/36","targetHints":{"allow":["GET"]}}],"collection":[{"href":"https:\/\/ambalaza-kartonska.com\/en\/wp-json\/wp\/v2\/product"}],"about":[{"href":"https:\/\/ambalaza-kartonska.com\/en\/wp-json\/wp\/v2\/types\/product"}],"wp:featuredmedia":[{"embeddable":true,"href":"https:\/\/ambalaza-kartonska.com\/en\/wp-json\/wp\/v2\/media\/34"}],"wp:attachment":[{"href":"https:\/\/ambalaza-kartonska.com\/en\/wp-json\/wp\/v2\/media?parent=36"}],"wp:term":[{"taxonomy":"product_brand","embeddable":true,"href":"https:\/\/ambalaza-kartonska.com\/en\/wp-json\/wp\/v2\/product_brand?post=36"},{"taxonomy":"product_cat","embeddable":true,"href":"https:\/\/ambalaza-kartonska.com\/en\/wp-json\/wp\/v2\/product_cat?post=36"},{"taxonomy":"product_tag","embeddable":true,"href":"https:\/\/ambalaza-kartonska.com\/en\/wp-json\/wp\/v2\/product_tag?post=36"}],"curies":[{"name":"wp","href":"https:\/\/api.w.org\/{rel}","templated":true}]}}