{"id":3579,"date":"2020-03-27T14:19:38","date_gmt":"2020-03-27T13:19:38","guid":{"rendered":"https:\/\/ambalaza-kartonska.com\/?post_type=product&#038;p=3579"},"modified":"2026-02-02T16:14:13","modified_gmt":"2026-02-02T15:14:13","slug":"sloziva-kutija-bk-e-33023075mm","status":"publish","type":"product","link":"https:\/\/ambalaza-kartonska.com\/en\/proizvod\/sloziva-kutija-bk-e-33023075mm\/","title":{"rendered":"Slo\u017eiva kutija BK\/E 330*230*75mm"},"content":{"rendered":"<p>&nbsp;<\/p>\n<p>&nbsp;<\/p>\n","protected":false},"excerpt":{"rendered":"<p>Dimenzija : 330*230*75mm<br \/>\nMaterijal : BK\/E- bijelo bijeli e\u00a0 val<br \/>\nNa\u010din izrade : \u0161tancana ambala\u017ea<\/p>\n<p>Pakiranje : 25 kom.<br \/>\nMogu\u0107nost tiska<br \/>\nMogu\u0107nost ka\u0161iranja<\/p>\n<p>&nbsp;<\/p>\n","protected":false},"featured_media":10071,"template":"","meta":[],"product_brand":[],"product_cat":[47],"product_tag":[69,87,63,79,83,62,70,75,86,85,84,74,82,81,65],"class_list":{"0":"post-3579","1":"product","2":"type-product","3":"status-publish","4":"has-post-thumbnail","6":"product_cat-slozive-kutije-mailer-boxes-web-shop-friendly","7":"product_tag-ambalaza","8":"product_tag-ambalaza-za-pivo","9":"product_tag-craft-pivo","10":"product_tag-kartonske-kutije","11":"product_tag-kraft-pivo","12":"product_tag-kutija-za-pivo","13":"product_tag-kutije-za-boce","14":"product_tag-kutije-za-butelje","15":"product_tag-kutije-za-craft-pivo","16":"product_tag-kutije-za-pive","17":"product_tag-kutije-za-pivo","18":"product_tag-kutije-za-vino","19":"product_tag-piva","20":"product_tag-pivo","21":"product_tag-poklon-kutije","23":"first","24":"instock","25":"featured","26":"taxable","27":"shipping-taxable","28":"purchasable","29":"product-type-simple"},"_links":{"self":[{"href":"https:\/\/ambalaza-kartonska.com\/en\/wp-json\/wp\/v2\/product\/3579","targetHints":{"allow":["GET"]}}],"collection":[{"href":"https:\/\/ambalaza-kartonska.com\/en\/wp-json\/wp\/v2\/product"}],"about":[{"href":"https:\/\/ambalaza-kartonska.com\/en\/wp-json\/wp\/v2\/types\/product"}],"wp:featuredmedia":[{"embeddable":true,"href":"https:\/\/ambalaza-kartonska.com\/en\/wp-json\/wp\/v2\/media\/10071"}],"wp:attachment":[{"href":"https:\/\/ambalaza-kartonska.com\/en\/wp-json\/wp\/v2\/media?parent=3579"}],"wp:term":[{"taxonomy":"product_brand","embeddable":true,"href":"https:\/\/ambalaza-kartonska.com\/en\/wp-json\/wp\/v2\/product_brand?post=3579"},{"taxonomy":"product_cat","embeddable":true,"href":"https:\/\/ambalaza-kartonska.com\/en\/wp-json\/wp\/v2\/product_cat?post=3579"},{"taxonomy":"product_tag","embeddable":true,"href":"https:\/\/ambalaza-kartonska.com\/en\/wp-json\/wp\/v2\/product_tag?post=3579"}],"curies":[{"name":"wp","href":"https:\/\/api.w.org\/{rel}","templated":true}]}}