{"id":3545,"date":"2020-03-26T14:27:22","date_gmt":"2020-03-26T13:27:22","guid":{"rendered":"https:\/\/ambalaza-kartonska.com\/?post_type=product&#038;p=3545"},"modified":"2026-02-02T16:14:14","modified_gmt":"2026-02-02T15:14:14","slug":"stancana-kutija-k2k-e-100100440mm-115l-magnum","status":"publish","type":"product","link":"https:\/\/ambalaza-kartonska.com\/en\/proizvod\/stancana-kutija-k2k-e-100100440mm-115l-magnum\/","title":{"rendered":"\u0160tancana kutija K2K\/E 95*95*440mm 1*1,5L MAGNUM"},"content":{"rendered":"<div style=\"width: 1920px;\" class=\"wp-video\"><video class=\"wp-video-shortcode\" id=\"video-3545-1\" width=\"1920\" height=\"1080\" preload=\"metadata\" controls=\"controls\"><source type=\"video\/mp4\" src=\"https:\/\/ambalaza-kartonska.com\/wp-content\/uploads\/2020\/03\/Automatsko-dno-video.mp4?_=1\" \/><a href=\"https:\/\/ambalaza-kartonska.com\/wp-content\/uploads\/2020\/03\/Automatsko-dno-video.mp4\">https:\/\/ambalaza-kartonska.com\/wp-content\/uploads\/2020\/03\/Automatsko-dno-video.mp4<\/a><\/video><\/div>\n","protected":false},"excerpt":{"rendered":"<p>Dimenzija :\u00a0 95*95*440mm 1*1,5L MAGNUM<br \/>\nPakiranje : 25 kom.<br \/>\nNa\u010din izrade : \u0161tancana ambala\u017ea, automatsko dno ( nije potrebno slaganje dna )<\/p>\n<p>Materijal : troslojni E val &#8211; kraft<br \/>\nMogu\u0107nost tiska<br \/>\nMogu\u0107nost ka\u0161iranja &#8211; vi\u0161ebojni tisak<\/p>\n","protected":false},"featured_media":3510,"template":"","meta":[],"product_brand":[],"product_cat":[158],"product_tag":[69,87,63,79,168,83,67,62,70,75,86,85,84,74,170,169,82,81,160,65,167],"class_list":{"0":"post-3545","1":"product","2":"type-product","3":"status-publish","4":"has-post-thumbnail","6":"product_cat-kutije-za-magnum-boce","7":"product_tag-ambalaza","8":"product_tag-ambalaza-za-pivo","9":"product_tag-craft-pivo","10":"product_tag-kartonske-kutije","11":"product_tag-kasirana-kutija","12":"product_tag-kraft-pivo","13":"product_tag-kutija","14":"product_tag-kutija-za-pivo","15":"product_tag-kutije-za-boce","16":"product_tag-kutije-za-butelje","17":"product_tag-kutije-za-craft-pivo","18":"product_tag-kutije-za-pive","19":"product_tag-kutije-za-pivo","20":"product_tag-kutije-za-vino","21":"product_tag-magnum","22":"product_tag-magnum-boce","23":"product_tag-piva","24":"product_tag-pivo","25":"product_tag-poklon-ambalaza","26":"product_tag-poklon-kutije","27":"product_tag-poklonkutije","29":"first","30":"instock","31":"featured","32":"taxable","33":"shipping-taxable","34":"purchasable","35":"product-type-simple"},"_links":{"self":[{"href":"https:\/\/ambalaza-kartonska.com\/en\/wp-json\/wp\/v2\/product\/3545","targetHints":{"allow":["GET"]}}],"collection":[{"href":"https:\/\/ambalaza-kartonska.com\/en\/wp-json\/wp\/v2\/product"}],"about":[{"href":"https:\/\/ambalaza-kartonska.com\/en\/wp-json\/wp\/v2\/types\/product"}],"wp:featuredmedia":[{"embeddable":true,"href":"https:\/\/ambalaza-kartonska.com\/en\/wp-json\/wp\/v2\/media\/3510"}],"wp:attachment":[{"href":"https:\/\/ambalaza-kartonska.com\/en\/wp-json\/wp\/v2\/media?parent=3545"}],"wp:term":[{"taxonomy":"product_brand","embeddable":true,"href":"https:\/\/ambalaza-kartonska.com\/en\/wp-json\/wp\/v2\/product_brand?post=3545"},{"taxonomy":"product_cat","embeddable":true,"href":"https:\/\/ambalaza-kartonska.com\/en\/wp-json\/wp\/v2\/product_cat?post=3545"},{"taxonomy":"product_tag","embeddable":true,"href":"https:\/\/ambalaza-kartonska.com\/en\/wp-json\/wp\/v2\/product_tag?post=3545"}],"curies":[{"name":"wp","href":"https:\/\/api.w.org\/{rel}","templated":true}]}}