{"id":354,"date":"2011-06-08T15:05:29","date_gmt":"2011-06-08T15:05:29","guid":{"rendered":"https:\/\/ambalaza-kartonska.com\/?product=natron-vrecica-26x17x25cm-bijela"},"modified":"2026-02-02T16:14:29","modified_gmt":"2026-02-02T15:14:29","slug":"natron-vrecica-26x17x25cm-bijela","status":"publish","type":"product","link":"https:\/\/ambalaza-kartonska.com\/en\/proizvod\/natron-vrecica-26x17x25cm-bijela\/","title":{"rendered":"Natron vre\u0107ica 26x17x25cm &#8211; bijela"},"content":{"rendered":"<p>Natron vre\u0107ica 26x17x25cm &#8211; b<\/p>\n","protected":false},"excerpt":{"rendered":"<p>Vre\u0107ice tregerice<br \/>\n&#8211; sa ru\u010dkom 8 puta presavijenom za ve\u0107u izdr\u017eljivost<br \/>\n&#8211; sme\u0111i kraft papir<br \/>\n&#8211; ravna ru\u010dka<br \/>\n&#8211; pakiranje 250 kom u kutiji<br \/>\n&#8211; mogu\u0107nost sitotiska na manje ili flexo tiska na ve\u0107e koli\u010dine<br \/>\n&#8211; flexotisak od 5000 kom.<br \/>\nSTANDARDNA DIMENZIJA<\/p>\n","protected":false},"featured_media":353,"template":"","meta":[],"product_brand":[],"product_cat":[24],"product_tag":[],"class_list":{"0":"post-354","1":"product","2":"type-product","3":"status-publish","4":"has-post-thumbnail","6":"product_cat-vre","8":"first","9":"outofstock","10":"taxable","11":"shipping-taxable","12":"purchasable","13":"product-type-simple"},"_links":{"self":[{"href":"https:\/\/ambalaza-kartonska.com\/en\/wp-json\/wp\/v2\/product\/354","targetHints":{"allow":["GET"]}}],"collection":[{"href":"https:\/\/ambalaza-kartonska.com\/en\/wp-json\/wp\/v2\/product"}],"about":[{"href":"https:\/\/ambalaza-kartonska.com\/en\/wp-json\/wp\/v2\/types\/product"}],"wp:featuredmedia":[{"embeddable":true,"href":"https:\/\/ambalaza-kartonska.com\/en\/wp-json\/wp\/v2\/media\/353"}],"wp:attachment":[{"href":"https:\/\/ambalaza-kartonska.com\/en\/wp-json\/wp\/v2\/media?parent=354"}],"wp:term":[{"taxonomy":"product_brand","embeddable":true,"href":"https:\/\/ambalaza-kartonska.com\/en\/wp-json\/wp\/v2\/product_brand?post=354"},{"taxonomy":"product_cat","embeddable":true,"href":"https:\/\/ambalaza-kartonska.com\/en\/wp-json\/wp\/v2\/product_cat?post=354"},{"taxonomy":"product_tag","embeddable":true,"href":"https:\/\/ambalaza-kartonska.com\/en\/wp-json\/wp\/v2\/product_tag?post=354"}],"curies":[{"name":"wp","href":"https:\/\/api.w.org\/{rel}","templated":true}]}}