{"id":3515,"date":"2020-03-25T14:09:50","date_gmt":"2020-03-25T13:09:50","guid":{"rendered":"https:\/\/ambalaza-kartonska.com\/?post_type=product&#038;p=3515"},"modified":"2026-02-02T16:14:15","modified_gmt":"2026-02-02T15:14:15","slug":"kutija-za-pjenusac-k2k-e-9090323mm-1075l","status":"publish","type":"product","link":"https:\/\/ambalaza-kartonska.com\/en\/proizvod\/kutija-za-pjenusac-k2k-e-9090323mm-1075l\/","title":{"rendered":"Kutija za pjenu\u0161ac K2K\/E 90*90*323mm 1*0,75l"},"content":{"rendered":"<div style=\"width: 1920px;\" class=\"wp-video\"><video class=\"wp-video-shortcode\" id=\"video-3515-1\" width=\"1920\" height=\"1080\" preload=\"metadata\" controls=\"controls\"><source type=\"video\/mp4\" src=\"https:\/\/ambalaza-kartonska.com\/wp-content\/uploads\/2020\/03\/Automatsko-dno-video.mp4?_=1\" \/><a href=\"https:\/\/ambalaza-kartonska.com\/wp-content\/uploads\/2020\/03\/Automatsko-dno-video.mp4\">https:\/\/ambalaza-kartonska.com\/wp-content\/uploads\/2020\/03\/Automatsko-dno-video.mp4<\/a><\/video><\/div>\n","protected":false},"excerpt":{"rendered":"<p>Dimenzija : 90*90*323mm<br \/>\nVisina boce : 323mm<br \/>\nMaterijal : sme\u0111i troslojni e val ( kraft )<br \/>\nNa\u010din izrade : \u0161tancana ambala\u017ea,automatsko dno ( nije potrebno slaganje dna )<br \/>\nMogu\u0107nost tiska<br \/>\nMogu\u0107nost ka\u0161iranja<\/p>\n","protected":false},"featured_media":3510,"template":"","meta":[],"product_brand":[],"product_cat":[43],"product_tag":[69,79,62,70,166,68,65],"class_list":{"0":"post-3515","1":"product","2":"type-product","3":"status-publish","4":"has-post-thumbnail","6":"product_cat-kutije-za-pjenusac","7":"product_tag-ambalaza","8":"product_tag-kartonske-kutije","9":"product_tag-kutija-za-pivo","10":"product_tag-kutije-za-boce","11":"product_tag-kutije-za-pjenusac","12":"product_tag-poklon-kutija","13":"product_tag-poklon-kutije","15":"first","16":"instock","17":"taxable","18":"shipping-taxable","19":"purchasable","20":"product-type-simple"},"_links":{"self":[{"href":"https:\/\/ambalaza-kartonska.com\/en\/wp-json\/wp\/v2\/product\/3515","targetHints":{"allow":["GET"]}}],"collection":[{"href":"https:\/\/ambalaza-kartonska.com\/en\/wp-json\/wp\/v2\/product"}],"about":[{"href":"https:\/\/ambalaza-kartonska.com\/en\/wp-json\/wp\/v2\/types\/product"}],"wp:featuredmedia":[{"embeddable":true,"href":"https:\/\/ambalaza-kartonska.com\/en\/wp-json\/wp\/v2\/media\/3510"}],"wp:attachment":[{"href":"https:\/\/ambalaza-kartonska.com\/en\/wp-json\/wp\/v2\/media?parent=3515"}],"wp:term":[{"taxonomy":"product_brand","embeddable":true,"href":"https:\/\/ambalaza-kartonska.com\/en\/wp-json\/wp\/v2\/product_brand?post=3515"},{"taxonomy":"product_cat","embeddable":true,"href":"https:\/\/ambalaza-kartonska.com\/en\/wp-json\/wp\/v2\/product_cat?post=3515"},{"taxonomy":"product_tag","embeddable":true,"href":"https:\/\/ambalaza-kartonska.com\/en\/wp-json\/wp\/v2\/product_tag?post=3515"}],"curies":[{"name":"wp","href":"https:\/\/api.w.org\/{rel}","templated":true}]}}