{"id":3471,"date":"2020-02-26T19:35:45","date_gmt":"2020-02-26T18:35:45","guid":{"rendered":"https:\/\/ambalaza-kartonska.com\/?post_type=product&#038;p=3471"},"modified":"2026-02-02T16:14:16","modified_gmt":"2026-02-02T15:14:16","slug":"stancana-kutija-k2k-e-3838150mm-1-dcl","status":"publish","type":"product","link":"https:\/\/ambalaza-kartonska.com\/en\/proizvod\/stancana-kutija-k2k-e-3838150mm-1-dcl\/","title":{"rendered":"\u0160tancana kutija KT\/GE 38*38*150mm 1 dcl"},"content":{"rendered":"<div class=\"wpb-content-wrapper\"><p>[vc_row][vc_column][vc_column_text text_larger=&#8221;no&#8221;]<\/p>\n<h1 class=\"product_title entry-title\">\u0160tancana kutija K2K\/E 38*38*150mm 1 dcl<\/h1>\n<p>[\/vc_column_text][\/vc_column][\/vc_row]<\/p>\n<\/div>","protected":false},"excerpt":{"rendered":"<p>Dimenzija : KT\/GE 38*38*150mm 1 dcl<br \/>\nPakiranje : 50 kom.<br \/>\nNa\u010din izrade : \u0161tancana ambala\u017ea<\/p>\n<p>Materijal : \u010detveroslojni G+E val<br \/>\nMogu\u0107nost tiska<br \/>\nMogu\u0107nost ka\u0161iranja &#8211; vi\u0161ebojni tisak<\/p>\n","protected":false},"featured_media":3472,"template":"","meta":[],"product_brand":[],"product_cat":[159],"product_tag":[69,87,63,79,83,67,62,70,86,162,85,84,161,82,81,160,65],"class_list":{"0":"post-3471","1":"product","2":"type-product","3":"status-publish","4":"has-post-thumbnail","6":"product_cat-kutije-za-ulja","7":"product_tag-ambalaza","8":"product_tag-ambalaza-za-pivo","9":"product_tag-craft-pivo","10":"product_tag-kartonske-kutije","11":"product_tag-kraft-pivo","12":"product_tag-kutija","13":"product_tag-kutija-za-pivo","14":"product_tag-kutije-za-boce","15":"product_tag-kutije-za-craft-pivo","16":"product_tag-kutije-za-maslinovo-ulje","17":"product_tag-kutije-za-pive","18":"product_tag-kutije-za-pivo","19":"product_tag-kutije-za-ulja","20":"product_tag-piva","21":"product_tag-pivo","22":"product_tag-poklon-ambalaza","23":"product_tag-poklon-kutije","25":"first","26":"instock","27":"featured","28":"taxable","29":"shipping-taxable","30":"purchasable","31":"product-type-simple"},"_links":{"self":[{"href":"https:\/\/ambalaza-kartonska.com\/en\/wp-json\/wp\/v2\/product\/3471","targetHints":{"allow":["GET"]}}],"collection":[{"href":"https:\/\/ambalaza-kartonska.com\/en\/wp-json\/wp\/v2\/product"}],"about":[{"href":"https:\/\/ambalaza-kartonska.com\/en\/wp-json\/wp\/v2\/types\/product"}],"wp:featuredmedia":[{"embeddable":true,"href":"https:\/\/ambalaza-kartonska.com\/en\/wp-json\/wp\/v2\/media\/3472"}],"wp:attachment":[{"href":"https:\/\/ambalaza-kartonska.com\/en\/wp-json\/wp\/v2\/media?parent=3471"}],"wp:term":[{"taxonomy":"product_brand","embeddable":true,"href":"https:\/\/ambalaza-kartonska.com\/en\/wp-json\/wp\/v2\/product_brand?post=3471"},{"taxonomy":"product_cat","embeddable":true,"href":"https:\/\/ambalaza-kartonska.com\/en\/wp-json\/wp\/v2\/product_cat?post=3471"},{"taxonomy":"product_tag","embeddable":true,"href":"https:\/\/ambalaza-kartonska.com\/en\/wp-json\/wp\/v2\/product_tag?post=3471"}],"curies":[{"name":"wp","href":"https:\/\/api.w.org\/{rel}","templated":true}]}}