{"id":3465,"date":"2020-02-26T19:25:07","date_gmt":"2020-02-26T18:25:07","guid":{"rendered":"https:\/\/ambalaza-kartonska.com\/?post_type=product&#038;p=3465"},"modified":"2026-02-02T16:14:16","modified_gmt":"2026-02-02T15:14:16","slug":"stancana-kutija-bk-e-3838150mm-1-dcl","status":"publish","type":"product","link":"https:\/\/ambalaza-kartonska.com\/en\/proizvod\/stancana-kutija-bk-e-3838150mm-1-dcl\/","title":{"rendered":"\u0160tancana kutija BK\/E 38*38*150mm 1 dcl"},"content":{"rendered":"<h1 class=\"product_title entry-title\">\u0160tancana kutija BK\/E 38*38*150mm 1 dcl<\/h1>\n","protected":false},"excerpt":{"rendered":"<p>Dimenzija : BK\/E 38*38*150mm 1 dcl &#8211; Maslinovo ulje<br \/>\nPakiranje : 50 kom.<br \/>\nNa\u010din izrade : \u0161tancana ambala\u017ea<\/p>\n<p>Materijal : troslojni E val<br \/>\nMogu\u0107nost tiska<br \/>\nMogu\u0107nost ka\u0161iranja &#8211; vi\u0161ebojni tisak<\/p>\n","protected":false},"featured_media":3466,"template":"","meta":[],"product_brand":[],"product_cat":[159],"product_tag":[69,87,63,79,83,67,62,70,86,162,85,84,161,82,81,160,65],"class_list":{"0":"post-3465","1":"product","2":"type-product","3":"status-publish","4":"has-post-thumbnail","6":"product_cat-kutije-za-ulja","7":"product_tag-ambalaza","8":"product_tag-ambalaza-za-pivo","9":"product_tag-craft-pivo","10":"product_tag-kartonske-kutije","11":"product_tag-kraft-pivo","12":"product_tag-kutija","13":"product_tag-kutija-za-pivo","14":"product_tag-kutije-za-boce","15":"product_tag-kutije-za-craft-pivo","16":"product_tag-kutije-za-maslinovo-ulje","17":"product_tag-kutije-za-pive","18":"product_tag-kutije-za-pivo","19":"product_tag-kutije-za-ulja","20":"product_tag-piva","21":"product_tag-pivo","22":"product_tag-poklon-ambalaza","23":"product_tag-poklon-kutije","25":"first","26":"instock","27":"featured","28":"taxable","29":"shipping-taxable","30":"purchasable","31":"product-type-simple"},"_links":{"self":[{"href":"https:\/\/ambalaza-kartonska.com\/en\/wp-json\/wp\/v2\/product\/3465","targetHints":{"allow":["GET"]}}],"collection":[{"href":"https:\/\/ambalaza-kartonska.com\/en\/wp-json\/wp\/v2\/product"}],"about":[{"href":"https:\/\/ambalaza-kartonska.com\/en\/wp-json\/wp\/v2\/types\/product"}],"wp:featuredmedia":[{"embeddable":true,"href":"https:\/\/ambalaza-kartonska.com\/en\/wp-json\/wp\/v2\/media\/3466"}],"wp:attachment":[{"href":"https:\/\/ambalaza-kartonska.com\/en\/wp-json\/wp\/v2\/media?parent=3465"}],"wp:term":[{"taxonomy":"product_brand","embeddable":true,"href":"https:\/\/ambalaza-kartonska.com\/en\/wp-json\/wp\/v2\/product_brand?post=3465"},{"taxonomy":"product_cat","embeddable":true,"href":"https:\/\/ambalaza-kartonska.com\/en\/wp-json\/wp\/v2\/product_cat?post=3465"},{"taxonomy":"product_tag","embeddable":true,"href":"https:\/\/ambalaza-kartonska.com\/en\/wp-json\/wp\/v2\/product_tag?post=3465"}],"curies":[{"name":"wp","href":"https:\/\/api.w.org\/{rel}","templated":true}]}}