{"id":3448,"date":"2020-02-24T16:40:42","date_gmt":"2020-02-24T15:40:42","guid":{"rendered":"https:\/\/ambalaza-kartonska.com\/?post_type=product&#038;p=3448"},"modified":"2026-03-27T21:50:00","modified_gmt":"2026-03-27T20:50:00","slug":"stancana-kutija-bk-e-120120120mm-dnopoklopac","status":"publish","type":"product","link":"https:\/\/ambalaza-kartonska.com\/en\/proizvod\/stancana-kutija-bk-e-120120120mm-dnopoklopac\/","title":{"rendered":"\u0160tancana kutija BK\/E 120*120*120mm dno+poklopac"},"content":{"rendered":"<h1 class=\"product_title entry-title\">\u0160tancana kutija BK\/E 120*120*120mm dno+poklopac<\/h1>\n","protected":false},"excerpt":{"rendered":"<p>Dimenzija : BK\/E 120*120*120mm dno+poklopac<br \/>\nPakiranje : 25 kom.<br \/>\nNa\u010din izrade : \u0161tancana ambala\u017ea<\/p>\n<p>Materijal : troslojni E val bijelo bijeli<br \/>\nMogu\u0107nost tiska<br \/>\nMogu\u0107nost ka\u0161iranja &#8211; vi\u0161ebojni tisak<\/p>\n","protected":false},"featured_media":3449,"template":"","meta":[],"product_brand":[],"product_cat":[144,34],"product_tag":[69,87,63,79,83,67,62,70,86,85,84,82,81,160,65],"class_list":{"0":"post-3448","1":"product","2":"type-product","3":"status-publish","4":"has-post-thumbnail","6":"product_cat-kutije-dno-poklopac","7":"product_cat-poklon-kutije","8":"product_tag-ambalaza","9":"product_tag-ambalaza-za-pivo","10":"product_tag-craft-pivo","11":"product_tag-kartonske-kutije","12":"product_tag-kraft-pivo","13":"product_tag-kutija","14":"product_tag-kutija-za-pivo","15":"product_tag-kutije-za-boce","16":"product_tag-kutije-za-craft-pivo","17":"product_tag-kutije-za-pive","18":"product_tag-kutije-za-pivo","19":"product_tag-piva","20":"product_tag-pivo","21":"product_tag-poklon-ambalaza","22":"product_tag-poklon-kutije","24":"first","25":"instock","26":"featured","27":"taxable","28":"shipping-taxable","29":"purchasable","30":"product-type-simple"},"_links":{"self":[{"href":"https:\/\/ambalaza-kartonska.com\/en\/wp-json\/wp\/v2\/product\/3448","targetHints":{"allow":["GET"]}}],"collection":[{"href":"https:\/\/ambalaza-kartonska.com\/en\/wp-json\/wp\/v2\/product"}],"about":[{"href":"https:\/\/ambalaza-kartonska.com\/en\/wp-json\/wp\/v2\/types\/product"}],"wp:featuredmedia":[{"embeddable":true,"href":"https:\/\/ambalaza-kartonska.com\/en\/wp-json\/wp\/v2\/media\/3449"}],"wp:attachment":[{"href":"https:\/\/ambalaza-kartonska.com\/en\/wp-json\/wp\/v2\/media?parent=3448"}],"wp:term":[{"taxonomy":"product_brand","embeddable":true,"href":"https:\/\/ambalaza-kartonska.com\/en\/wp-json\/wp\/v2\/product_brand?post=3448"},{"taxonomy":"product_cat","embeddable":true,"href":"https:\/\/ambalaza-kartonska.com\/en\/wp-json\/wp\/v2\/product_cat?post=3448"},{"taxonomy":"product_tag","embeddable":true,"href":"https:\/\/ambalaza-kartonska.com\/en\/wp-json\/wp\/v2\/product_tag?post=3448"}],"curies":[{"name":"wp","href":"https:\/\/api.w.org\/{rel}","templated":true}]}}