{"id":3418,"date":"2020-02-24T11:56:22","date_gmt":"2020-02-24T10:56:22","guid":{"rendered":"https:\/\/ambalaza-kartonska.com\/?post_type=product&#038;p=3418"},"modified":"2026-02-02T16:14:17","modified_gmt":"2026-02-02T15:14:17","slug":"stancana-kutija-bk-e-40040080mm-dno-poklopac","status":"publish","type":"product","link":"https:\/\/ambalaza-kartonska.com\/en\/proizvod\/stancana-kutija-bk-e-40040080mm-dno-poklopac\/","title":{"rendered":"\u0160tancana kutija BK\/e 400*400*80mm dno + poklopac"},"content":{"rendered":"<p>\u0160tancana kutija 2K\/e 400*400*80mm dno + poklopac<\/p>\n<p>&nbsp;<\/p>\n","protected":false},"excerpt":{"rendered":"<p>Dimenzija : BK\/e 400*400*80mm dno + poklopac<br \/>\nPakiranje : 25 kom.<br \/>\nNa\u010din izrade : \u0161tancana ambala\u017ea<\/p>\n<p>Materijal : troslojni E val &#8211; bijelo sme\u0111i ili bijelo bijeli<br \/>\nMogu\u0107nost tiska<br \/>\nMogu\u0107nost ka\u0161iranja &#8211; vi\u0161ebojni tisak<\/p>\n","protected":false},"featured_media":3378,"template":"","meta":[],"product_brand":[],"product_cat":[144],"product_tag":[69,87,63,156,79,83,62,70,86,85,84,82,81],"class_list":{"0":"post-3418","1":"product","2":"type-product","3":"status-publish","4":"has-post-thumbnail","6":"product_cat-kutije-dno-poklopac","7":"product_tag-ambalaza","8":"product_tag-ambalaza-za-pivo","9":"product_tag-craft-pivo","10":"product_tag-dnopoklopac","11":"product_tag-kartonske-kutije","12":"product_tag-kraft-pivo","13":"product_tag-kutija-za-pivo","14":"product_tag-kutije-za-boce","15":"product_tag-kutije-za-craft-pivo","16":"product_tag-kutije-za-pive","17":"product_tag-kutije-za-pivo","18":"product_tag-piva","19":"product_tag-pivo","21":"first","22":"outofstock","23":"featured","24":"taxable","25":"shipping-taxable","26":"purchasable","27":"product-type-simple"},"_links":{"self":[{"href":"https:\/\/ambalaza-kartonska.com\/en\/wp-json\/wp\/v2\/product\/3418","targetHints":{"allow":["GET"]}}],"collection":[{"href":"https:\/\/ambalaza-kartonska.com\/en\/wp-json\/wp\/v2\/product"}],"about":[{"href":"https:\/\/ambalaza-kartonska.com\/en\/wp-json\/wp\/v2\/types\/product"}],"wp:featuredmedia":[{"embeddable":true,"href":"https:\/\/ambalaza-kartonska.com\/en\/wp-json\/wp\/v2\/media\/3378"}],"wp:attachment":[{"href":"https:\/\/ambalaza-kartonska.com\/en\/wp-json\/wp\/v2\/media?parent=3418"}],"wp:term":[{"taxonomy":"product_brand","embeddable":true,"href":"https:\/\/ambalaza-kartonska.com\/en\/wp-json\/wp\/v2\/product_brand?post=3418"},{"taxonomy":"product_cat","embeddable":true,"href":"https:\/\/ambalaza-kartonska.com\/en\/wp-json\/wp\/v2\/product_cat?post=3418"},{"taxonomy":"product_tag","embeddable":true,"href":"https:\/\/ambalaza-kartonska.com\/en\/wp-json\/wp\/v2\/product_tag?post=3418"}],"curies":[{"name":"wp","href":"https:\/\/api.w.org\/{rel}","templated":true}]}}